{"id":28685,"date":"2026-02-10T16:16:21","date_gmt":"2026-02-10T13:16:21","guid":{"rendered":"https:\/\/estohub.com\/raamatupidamine-maksuaruandlus-ja-oss-ioss-tugi\/"},"modified":"2026-03-27T11:56:32","modified_gmt":"2026-03-27T08:56:32","slug":"raamatupidamine-maksuaruandlus-ja-oss-ioss-tugi","status":"publish","type":"page","link":"https:\/\/estohub.com\/et\/raamatupidamine-maksuaruandlus-ja-oss-ioss-tugi\/","title":{"rendered":"Raamatupidamine, maksuaruandlus ja OSS\/IOSS tugi"},"content":{"rendered":"<section class=\"l-section wpb_row height_small\"><div class=\"l-section-h i-cf\"><div class=\"g-cols vc_row via_grid cols_1 laptops-cols_inherit tablets-cols_inherit mobiles-cols_1 valign_top type_default stacking_default\"><div class=\"wpb_column vc_column_container\"><div class=\"vc_column-inner\"><div class=\"w-separator size_custom\" style=\"height:100px\" id=\"ab2e\"><style>@media(max-width:600px){ #ab2e{height:70px!important}}<\/style><\/div><h1 class=\"w-post-elm post_title us_custom_6793ca10 entry-title color_link_inherit\">Raamatupidamine, maksuaruandlus ja OSS\/IOSS tugi<\/h1><div class=\"wpb_text_column\"><div class=\"wpb_wrapper\"><p>Estohub pakub raamatupidamis-, maksuaruandluse ja n\u00f5uetele vastavuse tuge Eesti ettev\u00f5tetele, e-residentidele ning rahvusvahelistele ettev\u00f5tetele, kes tegutsevad Eestis ja \u00fcle kogu Euroopa Liidu. Allpool on \u00fclevaade meie peamistest teenustest.<\/p><\/p>\n<\/div><\/div><div class=\"w-separator size_medium\"><\/div><div class=\"g-cols wpb_row via_grid cols_3 laptops-cols_inherit tablets-cols_inherit mobiles-cols_1 valign_top type_default stacking_default\" style=\"--gap:1rem;\"><div class=\"wpb_column vc_column_container us_custom_11e40cd8 has_bg_color\"><div class=\"vc_column-inner\"><div class=\"wpb_text_column us_custom_0b7d8b82\"><div class=\"wpb_wrapper\"><h2>Igakuine raamatupidamine ja arvestus<\/h2>\n<\/p>\n<p>Hoiame teie igakuise raamatupidamise korrastatud, t\u00e4pse ja valmis igap\u00e4evaste \u00e4riotsuste tegemiseks.<\/p>\n<\/p>\n<ul>\n<li>\u00c4ritehingute registreerimine ja kategoriseerimine<\/li>\n<li>Ostu- ja m\u00fc\u00fcgiarvete t\u00f6\u00f6tlemine<\/li>\n<li>Panga, makseteenuse pakkujate ja toetatud platvormide koosk\u00f5lastamine<\/li>\n<li>Kulude ja tulude kajastamine vastavalt Eesti raamatupidamisstandarditele<\/li>\n<li>Praktiline abi jooksvate raamatupidamis- ja n\u00f5uetele vastavuse k\u00fcsimustega<\/li>\n<\/ul>\n<p>Teie finantsandmed on alati ajakohased ja valmis regulaarseks aruandluseks.<\/p>\n<\/div><\/div><\/div><\/div><div class=\"wpb_column vc_column_container us_custom_11e40cd8 has_bg_color\"><div class=\"vc_column-inner\"><div class=\"wpb_text_column us_custom_0b7d8b82\"><div class=\"wpb_wrapper\"><h2>K\u00e4ibemaksuaruandlus (KMD) ja palgaarvestuse tugi<\/h2>\n<\/p>\n<h3>K\u00e4ibemaksuaruandlus (KMD)<\/h3>\n<\/p>\n<p>Aitame ettev\u00f5tetel hallata korduvaid k\u00e4ibemaksuaruandluse kohustusi Eestis ja kogu Euroopa Liidus selgemalt ja v\u00e4iksema ajakuluga.<\/p>\n<\/p>\n<ul>\n<li>Igakuise KMD ettevalmistamise tugi<\/li>\n<li>P\u00f6\u00f6rdmaksustamise tehingute kontroll<\/li>\n<li>EL-siseste soetuste ja tarnete aruandluse tugi<\/li>\n<li>K\u00e4ibemaksu k\u00e4sitluse juhendamine e-kaubanduse kaupade ja digiteenuste puhul<\/li>\n<li>Impordi ja ekspordi k\u00e4ibemaksu tugi<\/li>\n<\/ul>\n<h3>Palgaarvestus ja t\u00f6\u00f6tajate aruandlus<\/h3>\n<\/p>\n<p>Pakume tuge ka igap\u00e4evaste palgaarvestuse protsesside ja nendega seotud igakuise aruandluse osas.<\/p>\n<\/p>\n<ul>\n<li>Palgaarvestus<\/li>\n<li>TSD aruandluse tugi<\/li>\n<li>T\u00f6\u00f6tajate onboardingu dokumentatsiooni tugi<\/li>\n<li>Erisoodustuste maksustamise juhendamine<\/li>\n<\/ul>\n<p>Iga aruandlusperiood valmistatakse ette hoolikalt ja kontrollitakse enne esitamist \u00fcle.<\/p>\n<\/div><\/div><\/div><\/div><div class=\"wpb_column vc_column_container us_custom_11e40cd8 has_bg_color\"><div class=\"vc_column-inner\"><div class=\"wpb_text_column us_custom_0b7d8b82\"><div class=\"wpb_wrapper\"><h2>Aastaaruanded<\/h2>\n<\/p>\n<p>Koostame Eesti ettev\u00f5tetele aastaaruandeid, keskendudes t\u00e4psusele, struktuurile ja n\u00f5uetele vastavusele.<\/p>\n<\/p>\n<ul>\n<li>Aastaaruande koostamine<\/li>\n<li>Lisad, arvestusp\u00f5him\u00f5tted ja vajalikud avalikustamised<\/li>\n<li>Bilanss ja kasumiaruanne<\/li>\n<li>Tugi esitamiseks valmis dokumentide koostamisel Eesti registri jaoks<\/li>\n<li>Koost\u00f6\u00f6 audiitoritega vajadusel<\/li>\n<\/ul>\n<p>Teie majandusaasta aruandlus on korrektselt koostatud ja vastab kehtivatele n\u00f5uetele.<\/p>\n<\/div><\/div><\/div><\/div><\/div><div class=\"w-separator size_custom\" style=\"height:1rem\"><\/div><div class=\"g-cols wpb_row via_grid cols_3 laptops-cols_inherit tablets-cols_inherit mobiles-cols_1 valign_top type_default stacking_default\" style=\"--gap:1rem;\"><div class=\"wpb_column vc_column_container us_custom_11e40cd8 has_bg_color\"><div class=\"vc_column-inner\"><div class=\"wpb_text_column us_custom_0b7d8b82\"><div class=\"wpb_wrapper\"><h2>OSS k\u00e4ibemaksu tugi EL e-kaubandusele<\/h2>\n<\/p>\n<p>Ettev\u00f5tetele, kes m\u00fc\u00fcvad B2C kujul Euroopa Liidus, aitame korraldada k\u00e4ibemaksuaruandlust One-Stop Shop (OSS) s\u00fcsteemi raames.<\/p>\n<\/p>\n<ul>\n<li>OSS registreerimise tugi<\/li>\n<li>Kvartaalsete OSS deklaratsioonide ettevalmistamine<\/li>\n<li>Sihtriikide k\u00e4ibemaksum\u00e4\u00e4rade kontroll<\/li>\n<li>Platvormide ja marketplace\u2019ide aruannete koosk\u00f5lastamine<\/li>\n<li>Tugi paranduste, muudatuste ja tagastustega seotud juhtumite korral<\/li>\n<\/ul>\n<p>See aitab hoida teie EL e-kaubanduse aruandluse struktureerituna ja paremini hallatavana.<\/p>\n<\/div><\/div><\/div><\/div><div class=\"wpb_column vc_column_container us_custom_11e40cd8 has_bg_color\"><div class=\"vc_column-inner\"><div class=\"wpb_text_column us_custom_0b7d8b82\"><div class=\"wpb_wrapper\"><h2>IOSS tugi imporditud kaupadele<\/h2>\n<\/p>\n<p>Ettev\u00f5tetele, kes impordivad v\u00e4ikese v\u00e4\u00e4rtusega kaupu Euroopa Liitu, pakume tuge Import One-Stop Shop (IOSS) s\u00fcsteemiga seotud igakuises aruandluses.<\/p>\n<\/p>\n<ul>\n<li>IOSS registreerimise tugi<\/li>\n<li>Igakuise IOSS aruandluse tugi<\/li>\n<li>K\u00e4ibemaksu arvutuse kontroll kassas<\/li>\n<li>Juhendamine, et v\u00e4hendada v\u00f5imalikke probleeme piiri\u00fcleste m\u00fc\u00fckide korral<\/li>\n<\/ul>\n<p>H\u00e4sti korraldatud IOSS protsess aitab tagada sujuvama kliendikogemuse ja korrektse aruandluse.<\/p>\n<\/div><\/div><\/div><\/div><div class=\"wpb_column vc_column_container us_custom_11e40cd8 has_bg_color\"><div class=\"vc_column-inner\"><div class=\"wpb_text_column us_custom_0b7d8b82\"><div class=\"wpb_wrapper\"><h2>T\u00e4iendav raamatupidamis- ja n\u00f5uetele vastavuse tugi<\/h2>\n<\/p>\n<p>Kui teie ettev\u00f5te vajab abi v\u00e4ljaspool tavap\u00e4rast raamatupidamist, saame toetada erinevate finants- ja maksuk\u00fcsimustega.<\/p>\n<\/p>\n<ul>\n<li>K\u00e4ibemaksu registreerimise, muudatuste ja jooksva vastavuse tugi<\/li>\n<li>Varasemate KMD, TSD, OSS v\u00f5i IOSS aruannete parandused<\/li>\n<li>Abi maksualaste p\u00e4ringute jaoks dokumentide ettevalmistamisel<\/li>\n<li>K\u00e4ibemaksu juhendamine e-kaubanduse ja digiteenuste puhul<\/li>\n<li>Auditiks ettevalmistamise tugi<\/li>\n<li>Raamatupidamisandmete korrastamine ja taastamine<\/li>\n<\/ul>\n<\/div><\/div><\/div><\/div><\/div><div class=\"w-separator size_custom\" style=\"height:1rem\"><\/div><div class=\"g-cols wpb_row via_grid cols_1 laptops-cols_inherit tablets-cols_inherit mobiles-cols_1 valign_top type_default stacking_default\" style=\"--gap:1rem;\"><div class=\"wpb_column vc_column_container us_custom_11727ba8 has_bg_color\"><div class=\"vc_column-inner\"><div class=\"wpb_text_column us_custom_0b7d8b82\"><div class=\"wpb_wrapper\"><h2>Miks ettev\u00f5tted valivad Estohubi<\/h2>\n<\/p>\n<p>Kliendid valivad Estohubi kiire suhtluse, praktiliste lahenduste ja kaasaegsete digitaalse \u00e4ri mudelite m\u00f5istmise t\u00f5ttu.<\/p>\n<\/p>\n<ul>\n<li>Selge kommunikatsioon ja usaldusv\u00e4\u00e4rne reageerimiskiirus<\/li>\n<li>L\u00e4bipaistev hinnastamine ja lihtne koost\u00f6\u00f6<\/li>\n<li>Kogemus e-kaubanduse, SaaS-i, digiteenuste ja rahvusvaheliste ettev\u00f5tjatega<\/li>\n<li>Tugev fookus Eesti ja EL n\u00f5uetele vastavusel<\/li>\n<li>Professionaalne kliendi onboarding ja dokumentide haldus<\/li>\n<\/ul>\n<p>Hoiame teie ettev\u00f5tte finantspoole korras, et saaksite keskenduda kindlalt kasvule.<\/p>\n<\/div><\/div><\/div><\/div><\/div><\/div><\/div><\/div><\/div><\/section><section class=\"l-section wpb_row height_small\"><div class=\"l-section-h i-cf\"><div class=\"g-cols vc_row via_grid cols_1 laptops-cols_inherit tablets-cols_inherit mobiles-cols_1 valign_top type_default stacking_default\"><div class=\"wpb_column vc_column_container\"><div class=\"vc_column-inner\"><div class=\"w-actionbox us_custom_49f317a8 callme color_primary controls_right\"><div class=\"w-actionbox-text\"><div class=\"w-actionbox-description\"><p><strong>Estohub on erateenuse pakkuja ega ole seotud \u00fchegi riigiasutusega.<\/strong> Aitame kliente Eesti ettev\u00f5tete raamatupidamise, aruandluse ja n\u00f5uetele vastavuse protsessides vastavalt kehtivatele n\u00f5uetele.<\/p>\n<\/div><\/div><div class=\"w-actionbox-controls\"><a class=\"w-btn us-btn-style_7\" href=\"#callme\"><span class=\"w-btn-label\">V\u00f5ta meiega \u00fchendust<\/span><\/a><\/div><\/div><\/div><\/div><\/div><\/div><\/section>\n","protected":false},"excerpt":{"rendered":"Raamatupidamine, maksuaruandlus ja OSS\/IOSS tugiEstohub pakub raamatupidamis-, maksuaruandluse ja n\u00f5uetele vastavuse tuge Eesti ettev\u00f5tetele, e-residentidele ning rahvusvahelistele ettev\u00f5tetele, kes tegutsevad Eestis ja \u00fcle kogu Euroopa Liidu. Allpool on \u00fclevaade meie peamistest teenustest. Igakuine raamatupidamine ja arvestus Hoiame teie igakuise raamatupidamise korrastatud, t\u00e4pse ja valmis igap\u00e4evaste \u00e4riotsuste tegemiseks. \u00c4ritehingute registreerimine ja kategoriseerimine Ostu- ja m\u00fc\u00fcgiarvete t\u00f6\u00f6tlemine...","protected":false},"author":1,"featured_media":0,"parent":0,"menu_order":0,"comment_status":"closed","ping_status":"closed","template":"","meta":{"footnotes":""},"class_list":["post-28685","page","type-page","status-publish","hentry"],"yoast_head":"<!-- This site is optimized with the Yoast SEO Premium plugin v27.1 (Yoast SEO v27.1.1) - https:\/\/yoast.com\/product\/yoast-seo-premium-wordpress\/ -->\n<title>Raamatupidamine ning OSS- ja IOSS-deklaratsioonid<\/title>\n<meta name=\"description\" content=\"Pakume terviklikke raamatupidamis- ja maksukuulekuse teenuseid, et tagada teie ettev\u00f5tte tegevuse t\u00e4psus, vastavus n\u00f5uetele ja t\u00f5husus. Meie kogenud meeskond aitab teil t\u00e4ita regulatiivseid n\u00f5udeid ning samal ajal optimeerida teie finantstulemusi.\" \/>\n<meta name=\"robots\" content=\"index, follow, max-snippet:-1, max-image-preview:large, max-video-preview:-1\" \/>\n<link rel=\"canonical\" href=\"https:\/\/estohub.com\/et\/raamatupidamine-maksuaruandlus-ja-oss-ioss-tugi\/\" \/>\n<meta property=\"og:locale\" content=\"et_EE\" \/>\n<meta property=\"og:type\" content=\"article\" \/>\n<meta property=\"og:title\" content=\"Raamatupidamine, maksuaruandlus ning OSS- ja IOSS-deklaratsioonid \u2013 Estohub\" \/>\n<meta property=\"og:description\" content=\"Pakume terviklikke raamatupidamis- ja maksukuulekuse teenuseid, et tagada teie ettev\u00f5tte tegevuse t\u00e4psus, vastavus n\u00f5uetele ja t\u00f5husus. Meie kogenud meeskond aitab teil t\u00e4ita k\u00f5iki regulatiivseid n\u00f5udeid ning samal ajal optimeerida teie finantstulemusi.\" \/>\n<meta property=\"og:url\" content=\"https:\/\/estohub.com\/et\/raamatupidamine-maksuaruandlus-ja-oss-ioss-tugi\/\" \/>\n<meta property=\"og:site_name\" content=\"ESTOHUB: Finance. Compliance. Growth\" \/>\n<meta property=\"article:modified_time\" content=\"2026-03-27T08:56:32+00:00\" \/>\n<meta name=\"twitter:card\" content=\"summary_large_image\" \/>\n<meta name=\"twitter:title\" content=\"Raamatupidamine, maksuaruandlus ning OSS- ja IOSS-deklaratsioonid \u2013 Estohub\" \/>\n<meta name=\"twitter:description\" content=\"Pakume terviklikke raamatupidamis- ja maksukuulekuse teenuseid, et tagada teie ettev\u00f5tte tegevuse t\u00e4psus, vastavus n\u00f5uetele ja t\u00f5husus. Meie kogenud meeskond aitab teil t\u00e4ita k\u00f5ik regulatiivsed n\u00f5uded ning samal ajal optimeerida teie finantstulemusi.\" \/>\n<meta name=\"twitter:label1\" content=\"Est. reading time\" \/>\n\t<meta name=\"twitter:data1\" content=\"3 minutit\" \/>\n<script type=\"application\/ld+json\" class=\"yoast-schema-graph\">{\"@context\":\"https:\/\/schema.org\",\"@graph\":[{\"@type\":\"WebPage\",\"@id\":\"https:\/\/estohub.com\/et\/raamatupidamine-maksuaruandlus-ja-oss-ioss-tugi\/\",\"url\":\"https:\/\/estohub.com\/et\/raamatupidamine-maksuaruandlus-ja-oss-ioss-tugi\/\",\"name\":\"Raamatupidamine ning OSS- ja IOSS-deklaratsioonid\",\"isPartOf\":{\"@id\":\"https:\/\/estohub.com\/#website\"},\"datePublished\":\"2026-02-10T13:16:21+00:00\",\"dateModified\":\"2026-03-27T08:56:32+00:00\",\"description\":\"Pakume terviklikke raamatupidamis- ja maksukuulekuse teenuseid, et tagada teie ettev\u00f5tte tegevuse t\u00e4psus, vastavus n\u00f5uetele ja t\u00f5husus. Meie kogenud meeskond aitab teil t\u00e4ita regulatiivseid n\u00f5udeid ning samal ajal optimeerida teie finantstulemusi.\",\"breadcrumb\":{\"@id\":\"https:\/\/estohub.com\/et\/raamatupidamine-maksuaruandlus-ja-oss-ioss-tugi\/#breadcrumb\"},\"inLanguage\":\"et\",\"potentialAction\":[{\"@type\":\"ReadAction\",\"target\":[\"https:\/\/estohub.com\/et\/raamatupidamine-maksuaruandlus-ja-oss-ioss-tugi\/\"]}]},{\"@type\":\"BreadcrumbList\",\"@id\":\"https:\/\/estohub.com\/et\/raamatupidamine-maksuaruandlus-ja-oss-ioss-tugi\/#breadcrumb\",\"itemListElement\":[{\"@type\":\"ListItem\",\"position\":1,\"name\":\"\u0413\u043b\u0430\u0432\u043d\u0430\u044f\",\"item\":\"https:\/\/estohub.com\/et\/\"},{\"@type\":\"ListItem\",\"position\":2,\"name\":\"Raamatupidamine, maksuaruandlus ja OSS\/IOSS tugi\"}]},{\"@type\":\"WebSite\",\"@id\":\"https:\/\/estohub.com\/#website\",\"url\":\"https:\/\/estohub.com\/\",\"name\":\"ESTOHUB: Finance. Compliance. Growth\",\"description\":\"\",\"publisher\":{\"@id\":\"https:\/\/estohub.com\/#organization\"},\"potentialAction\":[{\"@type\":\"SearchAction\",\"target\":{\"@type\":\"EntryPoint\",\"urlTemplate\":\"https:\/\/estohub.com\/?s={search_term_string}\"},\"query-input\":{\"@type\":\"PropertyValueSpecification\",\"valueRequired\":true,\"valueName\":\"search_term_string\"}}],\"inLanguage\":\"et\"},{\"@type\":\"Organization\",\"@id\":\"https:\/\/estohub.com\/#organization\",\"name\":\"\u0421\u043c\u0430\u0440\u0442\u0421\u0442\u0435\u043a\u043b\u043e.\u0420\u0424\",\"alternateName\":\"\u041f\u043e\u0441\u0442\u0430\u0432\u0449\u0438\u043a \u0441\u043c\u0430\u0440\u0442-\u0441\u0442\u0435\u043a\u043b\u0430 \u0438 \u043f\u043b\u0435\u043d\u043a\u0430 \u0432 \u0420\u043e\u0441\u0441\u0438\u0438\",\"url\":\"https:\/\/estohub.com\/\",\"logo\":{\"@type\":\"ImageObject\",\"inLanguage\":\"et\",\"@id\":\"https:\/\/estohub.com\/#\/schema\/logo\/image\/\",\"url\":\"https:\/\/estohub.com\/wp-content\/uploads\/2026\/02\/logotip.png\",\"contentUrl\":\"https:\/\/estohub.com\/wp-content\/uploads\/2026\/02\/logotip.png\",\"width\":856,\"height\":173,\"caption\":\"\u0421\u043c\u0430\u0440\u0442\u0421\u0442\u0435\u043a\u043b\u043e.\u0420\u0424\"},\"image\":{\"@id\":\"https:\/\/estohub.com\/#\/schema\/logo\/image\/\"}}]}<\/script>\n<!-- \/ Yoast SEO Premium plugin. -->","yoast_head_json":{"title":"Raamatupidamine ning OSS- ja IOSS-deklaratsioonid","description":"Pakume terviklikke raamatupidamis- ja maksukuulekuse teenuseid, et tagada teie ettev\u00f5tte tegevuse t\u00e4psus, vastavus n\u00f5uetele ja t\u00f5husus. Meie kogenud meeskond aitab teil t\u00e4ita regulatiivseid n\u00f5udeid ning samal ajal optimeerida teie finantstulemusi.","robots":{"index":"index","follow":"follow","max-snippet":"max-snippet:-1","max-image-preview":"max-image-preview:large","max-video-preview":"max-video-preview:-1"},"canonical":"https:\/\/estohub.com\/et\/raamatupidamine-maksuaruandlus-ja-oss-ioss-tugi\/","og_locale":"et_EE","og_type":"article","og_title":"Raamatupidamine, maksuaruandlus ning OSS- ja IOSS-deklaratsioonid \u2013 Estohub","og_description":"Pakume terviklikke raamatupidamis- ja maksukuulekuse teenuseid, et tagada teie ettev\u00f5tte tegevuse t\u00e4psus, vastavus n\u00f5uetele ja t\u00f5husus. Meie kogenud meeskond aitab teil t\u00e4ita k\u00f5iki regulatiivseid n\u00f5udeid ning samal ajal optimeerida teie finantstulemusi.","og_url":"https:\/\/estohub.com\/et\/raamatupidamine-maksuaruandlus-ja-oss-ioss-tugi\/","og_site_name":"ESTOHUB: Finance. Compliance. Growth","article_modified_time":"2026-03-27T08:56:32+00:00","twitter_card":"summary_large_image","twitter_title":"Raamatupidamine, maksuaruandlus ning OSS- ja IOSS-deklaratsioonid \u2013 Estohub","twitter_description":"Pakume terviklikke raamatupidamis- ja maksukuulekuse teenuseid, et tagada teie ettev\u00f5tte tegevuse t\u00e4psus, vastavus n\u00f5uetele ja t\u00f5husus. Meie kogenud meeskond aitab teil t\u00e4ita k\u00f5ik regulatiivsed n\u00f5uded ning samal ajal optimeerida teie finantstulemusi.","twitter_misc":{"Est. reading time":"3 minutit"},"schema":{"@context":"https:\/\/schema.org","@graph":[{"@type":"WebPage","@id":"https:\/\/estohub.com\/et\/raamatupidamine-maksuaruandlus-ja-oss-ioss-tugi\/","url":"https:\/\/estohub.com\/et\/raamatupidamine-maksuaruandlus-ja-oss-ioss-tugi\/","name":"Raamatupidamine ning OSS- ja IOSS-deklaratsioonid","isPartOf":{"@id":"https:\/\/estohub.com\/#website"},"datePublished":"2026-02-10T13:16:21+00:00","dateModified":"2026-03-27T08:56:32+00:00","description":"Pakume terviklikke raamatupidamis- ja maksukuulekuse teenuseid, et tagada teie ettev\u00f5tte tegevuse t\u00e4psus, vastavus n\u00f5uetele ja t\u00f5husus. Meie kogenud meeskond aitab teil t\u00e4ita regulatiivseid n\u00f5udeid ning samal ajal optimeerida teie finantstulemusi.","breadcrumb":{"@id":"https:\/\/estohub.com\/et\/raamatupidamine-maksuaruandlus-ja-oss-ioss-tugi\/#breadcrumb"},"inLanguage":"et","potentialAction":[{"@type":"ReadAction","target":["https:\/\/estohub.com\/et\/raamatupidamine-maksuaruandlus-ja-oss-ioss-tugi\/"]}]},{"@type":"BreadcrumbList","@id":"https:\/\/estohub.com\/et\/raamatupidamine-maksuaruandlus-ja-oss-ioss-tugi\/#breadcrumb","itemListElement":[{"@type":"ListItem","position":1,"name":"\u0413\u043b\u0430\u0432\u043d\u0430\u044f","item":"https:\/\/estohub.com\/et\/"},{"@type":"ListItem","position":2,"name":"Raamatupidamine, maksuaruandlus ja OSS\/IOSS tugi"}]},{"@type":"WebSite","@id":"https:\/\/estohub.com\/#website","url":"https:\/\/estohub.com\/","name":"ESTOHUB: Finance. Compliance. Growth","description":"","publisher":{"@id":"https:\/\/estohub.com\/#organization"},"potentialAction":[{"@type":"SearchAction","target":{"@type":"EntryPoint","urlTemplate":"https:\/\/estohub.com\/?s={search_term_string}"},"query-input":{"@type":"PropertyValueSpecification","valueRequired":true,"valueName":"search_term_string"}}],"inLanguage":"et"},{"@type":"Organization","@id":"https:\/\/estohub.com\/#organization","name":"\u0421\u043c\u0430\u0440\u0442\u0421\u0442\u0435\u043a\u043b\u043e.\u0420\u0424","alternateName":"\u041f\u043e\u0441\u0442\u0430\u0432\u0449\u0438\u043a \u0441\u043c\u0430\u0440\u0442-\u0441\u0442\u0435\u043a\u043b\u0430 \u0438 \u043f\u043b\u0435\u043d\u043a\u0430 \u0432 \u0420\u043e\u0441\u0441\u0438\u0438","url":"https:\/\/estohub.com\/","logo":{"@type":"ImageObject","inLanguage":"et","@id":"https:\/\/estohub.com\/#\/schema\/logo\/image\/","url":"https:\/\/estohub.com\/wp-content\/uploads\/2026\/02\/logotip.png","contentUrl":"https:\/\/estohub.com\/wp-content\/uploads\/2026\/02\/logotip.png","width":856,"height":173,"caption":"\u0421\u043c\u0430\u0440\u0442\u0421\u0442\u0435\u043a\u043b\u043e.\u0420\u0424"},"image":{"@id":"https:\/\/estohub.com\/#\/schema\/logo\/image\/"}}]}},"_links":{"self":[{"href":"https:\/\/estohub.com\/et\/wp-json\/wp\/v2\/pages\/28685","targetHints":{"allow":["GET"]}}],"collection":[{"href":"https:\/\/estohub.com\/et\/wp-json\/wp\/v2\/pages"}],"about":[{"href":"https:\/\/estohub.com\/et\/wp-json\/wp\/v2\/types\/page"}],"author":[{"embeddable":true,"href":"https:\/\/estohub.com\/et\/wp-json\/wp\/v2\/users\/1"}],"replies":[{"embeddable":true,"href":"https:\/\/estohub.com\/et\/wp-json\/wp\/v2\/comments?post=28685"}],"version-history":[{"count":2,"href":"https:\/\/estohub.com\/et\/wp-json\/wp\/v2\/pages\/28685\/revisions"}],"predecessor-version":[{"id":28687,"href":"https:\/\/estohub.com\/et\/wp-json\/wp\/v2\/pages\/28685\/revisions\/28687"}],"wp:attachment":[{"href":"https:\/\/estohub.com\/et\/wp-json\/wp\/v2\/media?parent=28685"}],"curies":[{"name":"wp","href":"https:\/\/api.w.org\/{rel}","templated":true}]}}