{"id":28734,"date":"2026-02-11T09:21:35","date_gmt":"2026-02-11T06:21:35","guid":{"rendered":"https:\/\/estohub.com\/ettevotte-asutamine-ja-ari-aadress\/"},"modified":"2026-03-27T15:10:09","modified_gmt":"2026-03-27T12:10:09","slug":"ettevotte-asutamine-ja-ari-aadress","status":"publish","type":"page","link":"https:\/\/estohub.com\/et\/ettevotte-asutamine-ja-ari-aadress\/","title":{"rendered":"Ettev\u00f5tte asutamine ja \u00e4ri aadress"},"content":{"rendered":"<section class=\"l-section wpb_row height_small\"><div class=\"l-section-h i-cf\"><div class=\"g-cols vc_row via_grid cols_1 laptops-cols_inherit tablets-cols_inherit mobiles-cols_1 valign_top type_default stacking_default\"><div class=\"wpb_column vc_column_container\"><div class=\"vc_column-inner\"><div class=\"w-separator size_custom\" style=\"height:100px\" id=\"e5c2\"><style>@media(max-width:600px){ #e5c2{height:70px!important}}<\/style><\/div><h1 class=\"w-post-elm post_title us_custom_6793ca10 entry-title color_link_inherit\">Ettev\u00f5tte asutamine ja \u00e4ri aadress<\/h1><div class=\"wpb_text_column\"><div class=\"wpb_wrapper\"><p>Estohub toetab ettev\u00f5tjaid ja kasvavaid ettev\u00f5tteid ettev\u00f5tte asutamisel, \u00e4ri aadressi lahendustega ning ettev\u00f5tte muudatustega Eestis. Aitame muuta protsessi selgeks, h\u00e4sti organiseerituks ja praktiliseks e-residentidele ning rahvusvahelistele ettev\u00f5tjatele.<\/p>\n<\/div><\/div><div class=\"w-separator size_medium\"><\/div><div class=\"g-cols wpb_row via_grid cols_3 laptops-cols_inherit tablets-cols_inherit mobiles-cols_1 valign_top type_default stacking_default\" style=\"--gap:1rem;\"><div class=\"wpb_column vc_column_container us_custom_11e40cd8 has_bg_color\"><div class=\"vc_column-inner\"><div class=\"wpb_text_column us_custom_0b7d8b82\"><div class=\"wpb_wrapper\"><h2>Ettev\u00f5tte asutamise tugi ja korporatiivteenused<\/h2>\n<\/p>\n<ul>\n<li>Juhendamine Eesti ettev\u00f5tte asutamisel ametlike registrite kaudu<\/li>\n<li>Tugi osanike ja osakapitali muudatustega, sh osade \u00fclekandmine<\/li>\n<li>Abi juhatuse liikmete m\u00e4\u00e4ramisel v\u00f5i eemaldamisel<\/li>\n<li>Abi ettev\u00f5tte andmete, p\u00f5hikirja ja vajalike dokumentide uuendamisel<\/li>\n<li>Tugi e-residentsuse taotlemisel ja dokumentide allkirjastamisel vastavalt vajadusele<\/li>\n<\/ul>\n<p>Pakume professionaalset tuge, et sinu ettev\u00f5tte asutamine ja muudatused toimuksid selgelt ja efektiivselt.<\/p>\n<\/div><\/div><\/div><\/div><div class=\"wpb_column vc_column_container us_custom_11e40cd8 has_bg_color\"><div class=\"vc_column-inner\"><div class=\"wpb_text_column us_custom_0b7d8b82\"><div class=\"wpb_wrapper\"><h2>\u00c4riaadress ja kontaktisiku teenused Tallinnas<\/h2>\n<\/p>\n<p>Ettev\u00f5tetele, kes vajavad usaldusv\u00e4\u00e4rset kohalikku kohalolekut Eestis, pakume praktilisi \u00e4ri aadressi ja kontaktisiku lahendusi.<\/p>\n<\/p>\n<ul>\n<li>Registreeritud \u00e4ri aadress Tallinnas vastavalt kohalikele n\u00f5uetele<\/li>\n<li>Kontaktisiku teenus mitteresidentidele vastavalt vajadusele<\/li>\n<li>E-posti teavitused saabunud kirjavahetuse kohta<\/li>\n<li>Soovi korral kirjade k\u00e4sitlemine ja edastamine kokkuleppel<\/li>\n<\/ul>\n<p>Need teenused aitavad hoida sinu ettev\u00f5tte halduse korrastatuna ja lihtsamini hallatavana.<\/p>\n<\/div><\/div><\/div><\/div><div class=\"wpb_column vc_column_container us_custom_11727ba8 has_bg_color\"><div class=\"vc_column-inner\"><div class=\"wpb_text_column us_custom_0b7d8b82\"><div class=\"wpb_wrapper\"><h2>Miks kliendid meiega koost\u00f6\u00f6d teevad<\/h2>\n<\/p>\n<ul>\n<li>Kaugelt toimiv tugi rahvusvahelistele ettev\u00f5tjatele ja meeskondadele<\/li>\n<li>Selge ja l\u00e4bipaistev hinnastamine<\/li>\n<li>Kiire ja professionaalne suhtlus ning personaalne tugi<\/li>\n<li>Kogemus e-residentide, vabakutseliste, idufirmade ja rahvusvaheliste ettev\u00f5tjatega<\/li>\n<li>Tugev fookus n\u00f5uetele vastavusel ja pikaajalisel koost\u00f6\u00f6l<\/li>\n<\/ul>\n<p>Meie eesm\u00e4rk on muuta iga samm sinu ettev\u00f5tte jaoks selgemaks, praktilisemaks ja lihtsamini hallatavaks.<\/p>\n<\/div><\/div><\/div><\/div><\/div><\/div><\/div><\/div><\/div><\/section><section class=\"l-section wpb_row height_small\"><div class=\"l-section-h i-cf\"><div class=\"g-cols vc_row via_grid cols_1 laptops-cols_inherit tablets-cols_inherit mobiles-cols_1 valign_top type_default stacking_default\"><div class=\"wpb_column vc_column_container\"><div class=\"vc_column-inner\"><div class=\"w-actionbox us_custom_49f317a8 callme color_primary controls_right\"><div class=\"w-actionbox-text\"><div class=\"w-actionbox-description\"><p>Vajad abi ettev\u00f5tte asutamisel, \u00e4ri aadressi teenustega v\u00f5i ettev\u00f5tte muudatustega Eestis? V\u00f5ta \u00fchendust Estohubiga, et arutada sinu ettev\u00f5tte j\u00e4rgmisi praktilisi samme.<\/p>\n<\/div><\/div><div class=\"w-actionbox-controls\"><a class=\"w-btn us-btn-style_7\" href=\"#callme\"><span class=\"w-btn-label\">V\u00f5ta meiega \u00fchendust<\/span><\/a><\/div><\/div><\/div><\/div><\/div><\/div><\/section>\n","protected":false},"excerpt":{"rendered":"Ettev\u00f5tte asutamine ja \u00e4ri aadressEstohub toetab ettev\u00f5tjaid ja kasvavaid ettev\u00f5tteid ettev\u00f5tte asutamisel, \u00e4ri aadressi lahendustega ning ettev\u00f5tte muudatustega Eestis. Aitame muuta protsessi selgeks, h\u00e4sti organiseerituks ja praktiliseks e-residentidele ning rahvusvahelistele ettev\u00f5tjatele. Ettev\u00f5tte asutamise tugi ja korporatiivteenused Juhendamine Eesti ettev\u00f5tte asutamisel ametlike registrite kaudu Tugi osanike ja osakapitali muudatustega, sh osade \u00fclekandmine Abi juhatuse liikmete m\u00e4\u00e4ramisel...","protected":false},"author":1,"featured_media":0,"parent":0,"menu_order":0,"comment_status":"closed","ping_status":"closed","template":"","meta":{"footnotes":""},"class_list":["post-28734","page","type-page","status-publish","hentry"],"yoast_head":"<!-- This site is optimized with the Yoast SEO Premium plugin v27.1 (Yoast SEO v27.1.1) - https:\/\/yoast.com\/product\/yoast-seo-premium-wordpress\/ -->\n<title>Ettev\u00f5tte registreerimine\/muudatused ja virtuaalkontor ning juriidiline aadress \u2013 Estohub<\/title>\n<meta name=\"description\" content=\"Aitame sul m\u00e4\u00e4rata ettev\u00f5ttele juriidilise aadressi, registreerida ettev\u00f5tte, teha muudatusi virtuaalkontoris, koostada k\u00f5ik vajalikud dokumendid ning esitada need sinu eest.\" \/>\n<meta name=\"robots\" content=\"index, follow, max-snippet:-1, max-image-preview:large, max-video-preview:-1\" \/>\n<link rel=\"canonical\" href=\"https:\/\/estohub.com\/virtual_office_legal_address\/\" \/>\n<meta property=\"og:locale\" content=\"et_EE\" \/>\n<meta property=\"og:type\" content=\"article\" \/>\n<meta property=\"og:title\" content=\"Ettev\u00f5tte registreerimine\/muudatused ja virtuaalkontor ning juriidiline aadress \u2013 Estohub\" \/>\n<meta property=\"og:description\" content=\"Aitame sul m\u00e4\u00e4rata ettev\u00f5ttele juriidilise aadressi, registreerida ettev\u00f5tte, teha muudatusi virtuaalkontoris, koostada k\u00f5ik vajalikud dokumendid ning esitada need sinu eest.\" \/>\n<meta property=\"og:url\" content=\"https:\/\/estohub.com\/virtual_office_legal_address\/\" \/>\n<meta property=\"og:site_name\" content=\"ESTOHUB: Finance. Compliance. Growth\" \/>\n<meta property=\"article:modified_time\" content=\"2026-03-27T12:10:09+00:00\" \/>\n<meta name=\"twitter:card\" content=\"summary_large_image\" \/>\n<meta name=\"twitter:title\" content=\"Ettev\u00f5tte registreerimine\/muudatused ja virtuaalkontor ning juriidiline aadress \u2013 Estohub\" \/>\n<meta name=\"twitter:description\" content=\"Aitame sul m\u00e4\u00e4rata ettev\u00f5ttele juriidilise aadressi, registreerida ettev\u00f5tte, teha muudatusi virtuaalkontoris, koostada k\u00f5ik vajalikud dokumendid ning esitada need sinu eest.\" \/>\n<meta name=\"twitter:label1\" content=\"Est. reading time\" \/>\n\t<meta name=\"twitter:data1\" content=\"3 minutit\" \/>\n<script type=\"application\/ld+json\" class=\"yoast-schema-graph\">{\"@context\":\"https:\/\/schema.org\",\"@graph\":[{\"@type\":\"WebPage\",\"@id\":\"https:\/\/estohub.com\/virtual_office_legal_address\/\",\"url\":\"https:\/\/estohub.com\/virtual_office_legal_address\/\",\"name\":\"Ettev\u00f5tte registreerimine\/muudatused ja virtuaalkontor ning juriidiline aadress \u2013 Estohub\",\"isPartOf\":{\"@id\":\"https:\/\/estohub.com\/#website\"},\"datePublished\":\"2026-02-11T06:21:35+00:00\",\"dateModified\":\"2026-03-27T12:10:09+00:00\",\"description\":\"Aitame sul m\u00e4\u00e4rata ettev\u00f5ttele juriidilise aadressi, registreerida ettev\u00f5tte, teha muudatusi virtuaalkontoris, koostada k\u00f5ik vajalikud dokumendid ning esitada need sinu eest.\",\"breadcrumb\":{\"@id\":\"https:\/\/estohub.com\/virtual_office_legal_address\/#breadcrumb\"},\"inLanguage\":\"et\",\"potentialAction\":[{\"@type\":\"ReadAction\",\"target\":[\"https:\/\/estohub.com\/virtual_office_legal_address\/\"]}]},{\"@type\":\"BreadcrumbList\",\"@id\":\"https:\/\/estohub.com\/virtual_office_legal_address\/#breadcrumb\",\"itemListElement\":[{\"@type\":\"ListItem\",\"position\":1,\"name\":\"\u0413\u043b\u0430\u0432\u043d\u0430\u044f\",\"item\":\"https:\/\/estohub.com\/et\/\"},{\"@type\":\"ListItem\",\"position\":2,\"name\":\"Ettev\u00f5tte asutamine ja \u00e4ri aadress\"}]},{\"@type\":\"WebSite\",\"@id\":\"https:\/\/estohub.com\/#website\",\"url\":\"https:\/\/estohub.com\/\",\"name\":\"ESTOHUB: Finance. Compliance. Growth\",\"description\":\"\",\"publisher\":{\"@id\":\"https:\/\/estohub.com\/#organization\"},\"potentialAction\":[{\"@type\":\"SearchAction\",\"target\":{\"@type\":\"EntryPoint\",\"urlTemplate\":\"https:\/\/estohub.com\/?s={search_term_string}\"},\"query-input\":{\"@type\":\"PropertyValueSpecification\",\"valueRequired\":true,\"valueName\":\"search_term_string\"}}],\"inLanguage\":\"et\"},{\"@type\":\"Organization\",\"@id\":\"https:\/\/estohub.com\/#organization\",\"name\":\"\u0421\u043c\u0430\u0440\u0442\u0421\u0442\u0435\u043a\u043b\u043e.\u0420\u0424\",\"alternateName\":\"\u041f\u043e\u0441\u0442\u0430\u0432\u0449\u0438\u043a \u0441\u043c\u0430\u0440\u0442-\u0441\u0442\u0435\u043a\u043b\u0430 \u0438 \u043f\u043b\u0435\u043d\u043a\u0430 \u0432 \u0420\u043e\u0441\u0441\u0438\u0438\",\"url\":\"https:\/\/estohub.com\/\",\"logo\":{\"@type\":\"ImageObject\",\"inLanguage\":\"et\",\"@id\":\"https:\/\/estohub.com\/#\/schema\/logo\/image\/\",\"url\":\"https:\/\/estohub.com\/wp-content\/uploads\/2026\/02\/logotip.png\",\"contentUrl\":\"https:\/\/estohub.com\/wp-content\/uploads\/2026\/02\/logotip.png\",\"width\":856,\"height\":173,\"caption\":\"\u0421\u043c\u0430\u0440\u0442\u0421\u0442\u0435\u043a\u043b\u043e.\u0420\u0424\"},\"image\":{\"@id\":\"https:\/\/estohub.com\/#\/schema\/logo\/image\/\"}}]}<\/script>\n<!-- \/ Yoast SEO Premium plugin. -->","yoast_head_json":{"title":"Ettev\u00f5tte registreerimine\/muudatused ja virtuaalkontor ning juriidiline aadress \u2013 Estohub","description":"Aitame sul m\u00e4\u00e4rata ettev\u00f5ttele juriidilise aadressi, registreerida ettev\u00f5tte, teha muudatusi virtuaalkontoris, koostada k\u00f5ik vajalikud dokumendid ning esitada need sinu eest.","robots":{"index":"index","follow":"follow","max-snippet":"max-snippet:-1","max-image-preview":"max-image-preview:large","max-video-preview":"max-video-preview:-1"},"canonical":"https:\/\/estohub.com\/virtual_office_legal_address\/","og_locale":"et_EE","og_type":"article","og_title":"Ettev\u00f5tte registreerimine\/muudatused ja virtuaalkontor ning juriidiline aadress \u2013 Estohub","og_description":"Aitame sul m\u00e4\u00e4rata ettev\u00f5ttele juriidilise aadressi, registreerida ettev\u00f5tte, teha muudatusi virtuaalkontoris, koostada k\u00f5ik vajalikud dokumendid ning esitada need sinu eest.","og_url":"https:\/\/estohub.com\/virtual_office_legal_address\/","og_site_name":"ESTOHUB: Finance. Compliance. Growth","article_modified_time":"2026-03-27T12:10:09+00:00","twitter_card":"summary_large_image","twitter_title":"Ettev\u00f5tte registreerimine\/muudatused ja virtuaalkontor ning juriidiline aadress \u2013 Estohub","twitter_description":"Aitame sul m\u00e4\u00e4rata ettev\u00f5ttele juriidilise aadressi, registreerida ettev\u00f5tte, teha muudatusi virtuaalkontoris, koostada k\u00f5ik vajalikud dokumendid ning esitada need sinu eest.","twitter_misc":{"Est. reading time":"3 minutit"},"schema":{"@context":"https:\/\/schema.org","@graph":[{"@type":"WebPage","@id":"https:\/\/estohub.com\/virtual_office_legal_address\/","url":"https:\/\/estohub.com\/virtual_office_legal_address\/","name":"Ettev\u00f5tte registreerimine\/muudatused ja virtuaalkontor ning juriidiline aadress \u2013 Estohub","isPartOf":{"@id":"https:\/\/estohub.com\/#website"},"datePublished":"2026-02-11T06:21:35+00:00","dateModified":"2026-03-27T12:10:09+00:00","description":"Aitame sul m\u00e4\u00e4rata ettev\u00f5ttele juriidilise aadressi, registreerida ettev\u00f5tte, teha muudatusi virtuaalkontoris, koostada k\u00f5ik vajalikud dokumendid ning esitada need sinu eest.","breadcrumb":{"@id":"https:\/\/estohub.com\/virtual_office_legal_address\/#breadcrumb"},"inLanguage":"et","potentialAction":[{"@type":"ReadAction","target":["https:\/\/estohub.com\/virtual_office_legal_address\/"]}]},{"@type":"BreadcrumbList","@id":"https:\/\/estohub.com\/virtual_office_legal_address\/#breadcrumb","itemListElement":[{"@type":"ListItem","position":1,"name":"\u0413\u043b\u0430\u0432\u043d\u0430\u044f","item":"https:\/\/estohub.com\/et\/"},{"@type":"ListItem","position":2,"name":"Ettev\u00f5tte asutamine ja \u00e4ri aadress"}]},{"@type":"WebSite","@id":"https:\/\/estohub.com\/#website","url":"https:\/\/estohub.com\/","name":"ESTOHUB: Finance. Compliance. Growth","description":"","publisher":{"@id":"https:\/\/estohub.com\/#organization"},"potentialAction":[{"@type":"SearchAction","target":{"@type":"EntryPoint","urlTemplate":"https:\/\/estohub.com\/?s={search_term_string}"},"query-input":{"@type":"PropertyValueSpecification","valueRequired":true,"valueName":"search_term_string"}}],"inLanguage":"et"},{"@type":"Organization","@id":"https:\/\/estohub.com\/#organization","name":"\u0421\u043c\u0430\u0440\u0442\u0421\u0442\u0435\u043a\u043b\u043e.\u0420\u0424","alternateName":"\u041f\u043e\u0441\u0442\u0430\u0432\u0449\u0438\u043a \u0441\u043c\u0430\u0440\u0442-\u0441\u0442\u0435\u043a\u043b\u0430 \u0438 \u043f\u043b\u0435\u043d\u043a\u0430 \u0432 \u0420\u043e\u0441\u0441\u0438\u0438","url":"https:\/\/estohub.com\/","logo":{"@type":"ImageObject","inLanguage":"et","@id":"https:\/\/estohub.com\/#\/schema\/logo\/image\/","url":"https:\/\/estohub.com\/wp-content\/uploads\/2026\/02\/logotip.png","contentUrl":"https:\/\/estohub.com\/wp-content\/uploads\/2026\/02\/logotip.png","width":856,"height":173,"caption":"\u0421\u043c\u0430\u0440\u0442\u0421\u0442\u0435\u043a\u043b\u043e.\u0420\u0424"},"image":{"@id":"https:\/\/estohub.com\/#\/schema\/logo\/image\/"}}]}},"_links":{"self":[{"href":"https:\/\/estohub.com\/et\/wp-json\/wp\/v2\/pages\/28734","targetHints":{"allow":["GET"]}}],"collection":[{"href":"https:\/\/estohub.com\/et\/wp-json\/wp\/v2\/pages"}],"about":[{"href":"https:\/\/estohub.com\/et\/wp-json\/wp\/v2\/types\/page"}],"author":[{"embeddable":true,"href":"https:\/\/estohub.com\/et\/wp-json\/wp\/v2\/users\/1"}],"replies":[{"embeddable":true,"href":"https:\/\/estohub.com\/et\/wp-json\/wp\/v2\/comments?post=28734"}],"version-history":[{"count":2,"href":"https:\/\/estohub.com\/et\/wp-json\/wp\/v2\/pages\/28734\/revisions"}],"predecessor-version":[{"id":28736,"href":"https:\/\/estohub.com\/et\/wp-json\/wp\/v2\/pages\/28734\/revisions\/28736"}],"wp:attachment":[{"href":"https:\/\/estohub.com\/et\/wp-json\/wp\/v2\/media?parent=28734"}],"curies":[{"name":"wp","href":"https:\/\/api.w.org\/{rel}","templated":true}]}}