{"id":28737,"date":"2026-02-13T18:30:01","date_gmt":"2026-02-13T15:30:01","guid":{"rendered":"https:\/\/estohub.com\/ettevotte-asutamise-tugi\/"},"modified":"2026-03-27T15:11:37","modified_gmt":"2026-03-27T12:11:37","slug":"ettevotte-asutamise-tugi","status":"publish","type":"page","link":"https:\/\/estohub.com\/et\/ettevotte-asutamise-tugi\/","title":{"rendered":"Ettev\u00f5tte asutamise tugi"},"content":{"rendered":"<section class=\"l-section wpb_row height_small\"><div class=\"l-section-h i-cf\"><div class=\"g-cols vc_row via_grid cols_1 laptops-cols_inherit tablets-cols_inherit mobiles-cols_1 valign_top type_default stacking_default\"><div class=\"wpb_column vc_column_container\"><div class=\"vc_column-inner\"><div class=\"w-separator size_custom\" style=\"height:100px\" id=\"o4a8\"><style>@media(max-width:600px){ #o4a8{height:70px!important}}<\/style><\/div><h1 class=\"w-post-elm post_title us_custom_acd56772 entry-title color_link_inherit\">Ettev\u00f5tte asutamise tugi<\/h1><div class=\"w-separator size_small\"><\/div><div class=\"g-cols wpb_row via_grid cols_1 laptops-cols_inherit tablets-cols_inherit mobiles-cols_1 valign_top type_default stacking_default\" style=\"--gap:3rem;\"><div class=\"wpb_column vc_column_container us_custom_11e40cd8 has_bg_color\"><div class=\"vc_column-inner\"><div class=\"wpb_text_column us_custom_0b7d8b82\"><div class=\"wpb_wrapper\"><p>Estohub pakub ettev\u00f5tte asutamise tuge Eestis rahvusvahelistele ettev\u00f5tjatele ja e-residentidele, kes soovivad selget ja h\u00e4sti organiseeritud asutamisprotsessi. Aitame ette valmistada vajaliku info, koordineerida praktilisi samme ning toetame taotluse esitamist Eesti \u00e4riregistrisse vastavalt vajadusele.<\/p>\n<h2>Hinnainfo<\/h2>\n<\/p>\n<ul>\n<li><strong>Ametlik riigil\u00f5iv O\u00dc registreerimiseks veebis: 265 \u20ac<\/strong><\/li>\n<li><strong>Meie teenuse hind alates 300 \u20ac<\/strong> tavap\u00e4rase juhtumi korral, kui sul on olemas kehtiv e-residentsuse digitaalne ID<\/li>\n<li><strong>T\u00e4iendavad asutajad:<\/strong> 50 \u20ac iga lisanduva asutaja kohta<\/li>\n<li>L\u00f5plik teenuse hind s\u00f5ltub asutajate arvust, e-residentsuse olemasolust ja vajalikest lisateenustest<\/li>\n<\/ul>\n<h2>Mida meie teenus sisaldab<\/h2>\n<\/p>\n<ul>\n<li>N\u00f5ustamine sobivaima ettev\u00f5tte asutamise lahenduse valimisel<\/li>\n<li>Ettev\u00f5tte asutamise dokumentide ja taotluse ettevalmistamine<\/li>\n<li>Tugi taotluse esitamisel Eesti \u00e4riregistri kaudu<\/li>\n<li>Praktiline juhendamine digiallkirjastamise ja onboarding\u2019u etappides<\/li>\n<li>Selge ja pidev kommunikatsioon kogu protsessi v\u00e4ltel<\/li>\n<\/ul>\n<h2>e-residentsuse tugi<\/h2>\n<\/p>\n<ul>\n<li>Kui sul ei ole veel e-residentsust, aitame sul valmistuda taotlemisprotsessiks<\/li>\n<li><strong>Ametlik e-residentsuse riigil\u00f5iv: 150 \u20ac<\/strong>, tasutakse eraldi ametlikus taotluskeskkonnas<\/li>\n<li>Digitaalne ID kehtib kuni 5 aastat ning puudub aastane hooldustasu<\/li>\n<li>Taotluse l\u00e4bivaatamine ja kaardi k\u00e4ttesaamine v\u00f5tab tavaliselt mitu n\u00e4dalat, s\u00f5ltuvalt taustakontrollist ja valitud v\u00e4ljastuskohast<\/li>\n<\/ul>\n<h2>\u00c4riaadress ja kontaktisik<\/h2>\n<\/p>\n<p>Kui sinu ettev\u00f5tte asutamine n\u00f5uab \u00e4ri aadressi v\u00f5i litsentseeritud kontaktisikut Eestis, on need teenused meie raamatupidamiskliendiks saamisel lisatasuta.<\/p>\n<h2>Oluline teada<\/h2>\n<\/p>\n<ul>\n<li>Tavap\u00e4rane veebip\u00f5hine asutamine on v\u00f5imalik juhul, kui k\u00f5igil osapooltel on aktsepteeritud Eesti digitaalne identiteet<\/li>\n<li>Kui k\u00f5ik osapooled ei saa digitaalselt allkirjastada, v\u00f5ib olla vajalik notariaalne protsess<\/li>\n<li>Korrektselt esitatud veebitaotluse l\u00e4bivaatamine v\u00f5tab tavaliselt umbes \u00fche t\u00f6\u00f6p\u00e4eva<\/li>\n<li>Tegelik ajakulu s\u00f5ltub dokumentide valmisolekust, digiallkirjastamisest ja ametlikust menetlusest<\/li>\n<\/ul>\n<p>Meie eesm\u00e4rk on muuta ettev\u00f5tte asutamine algusest peale selgemaks, struktureeritumaks ja lihtsamini hallatavaks.<\/p>\n<\/div><\/div><\/div><\/div><\/div><\/div><\/div><\/div><\/div><\/section><section class=\"l-section wpb_row height_small\"><div class=\"l-section-h i-cf\"><div class=\"g-cols vc_row via_grid cols_1 laptops-cols_inherit tablets-cols_inherit mobiles-cols_1 valign_top type_default stacking_default\"><div class=\"wpb_column vc_column_container\"><div class=\"vc_column-inner\"><div class=\"w-actionbox us_custom_49f317a8 callme color_primary controls_right\"><div class=\"w-actionbox-text\"><div class=\"w-actionbox-description\"><p>Vajad abi Eesti ettev\u00f5tte asutamise planeerimisel? V\u00f5ta \u00fchendust Estohubiga, et arutada sinu jaoks k\u00f5ige praktilisemat lahendust, sealhulgas e-residentsust, \u00e4ri aadressi v\u00f5imalusi ja j\u00e4rgmisi samme.<\/p>\n<\/div><\/div><div class=\"w-actionbox-controls\"><a class=\"w-btn us-btn-style_7\" href=\"#callme\"><span class=\"w-btn-label\">V\u00f5ta meiega \u00fchendust<\/span><\/a><\/div><\/div><\/div><\/div><\/div><\/div><\/section>\n","protected":false},"excerpt":{"rendered":"Ettev\u00f5tte asutamise tugiEstohub pakub ettev\u00f5tte asutamise tuge Eestis rahvusvahelistele ettev\u00f5tjatele ja e-residentidele, kes soovivad selget ja h\u00e4sti organiseeritud asutamisprotsessi. Aitame ette valmistada vajaliku info, koordineerida praktilisi samme ning toetame taotluse esitamist Eesti \u00e4riregistrisse vastavalt vajadusele. Hinnainfo Ametlik riigil\u00f5iv O\u00dc registreerimiseks veebis: 265 \u20ac Meie teenuse hind alates 300 \u20ac tavap\u00e4rase juhtumi korral, kui sul on...","protected":false},"author":1,"featured_media":0,"parent":0,"menu_order":0,"comment_status":"closed","ping_status":"closed","template":"","meta":{"footnotes":""},"class_list":["post-28737","page","type-page","status-publish","hentry"],"yoast_head":"<!-- This site is optimized with the Yoast SEO Premium plugin v27.1 (Yoast SEO v27.1.1) - https:\/\/yoast.com\/product\/yoast-seo-premium-wordpress\/ -->\n<title>Igakuised raamatupidamispaketid \u2013 Estohub<\/title>\n<meta name=\"description\" content=\"Estohubi teenused ettev\u00f5tte registreerimiseks Eestis, raamatupidamiseks, juriidilise aadressi saamiseks, pangakontode avamiseks ja likvideerimiseks\" \/>\n<meta name=\"robots\" content=\"index, follow, max-snippet:-1, max-image-preview:large, max-video-preview:-1\" \/>\n<link rel=\"canonical\" href=\"https:\/\/estohub.com\/company-registration\/\" \/>\n<meta property=\"og:locale\" content=\"et_EE\" \/>\n<meta property=\"og:type\" content=\"article\" \/>\n<meta property=\"og:title\" content=\"Igakuised raamatupidamispaketid \u2013 Estohub\" \/>\n<meta property=\"og:description\" content=\"Estohubi teenused ettev\u00f5tte registreerimiseks Eestis, raamatupidamiseks, juriidilise aadressi saamiseks, pangakontode avamiseks ja likvideerimiseks\" \/>\n<meta property=\"og:url\" content=\"https:\/\/estohub.com\/company-registration\/\" \/>\n<meta property=\"og:site_name\" content=\"ESTOHUB: Finance. Compliance. Growth\" \/>\n<meta property=\"article:modified_time\" content=\"2026-03-27T12:11:37+00:00\" \/>\n<meta name=\"twitter:card\" content=\"summary_large_image\" \/>\n<meta name=\"twitter:title\" content=\"Igakuised raamatupidamispaketid \u2013 Estohub\" \/>\n<meta name=\"twitter:description\" content=\"Estohubi teenused ettev\u00f5tte registreerimiseks Eestis, raamatupidamiseks, juriidilise aadressi saamiseks, pangakontode avamiseks ja likvideerimiseks\" \/>\n<meta name=\"twitter:label1\" content=\"Est. reading time\" \/>\n\t<meta name=\"twitter:data1\" content=\"2 minutit\" \/>\n<script type=\"application\/ld+json\" class=\"yoast-schema-graph\">{\"@context\":\"https:\/\/schema.org\",\"@graph\":[{\"@type\":\"WebPage\",\"@id\":\"https:\/\/estohub.com\/company-registration\/\",\"url\":\"https:\/\/estohub.com\/company-registration\/\",\"name\":\"Igakuised raamatupidamispaketid \u2013 Estohub\",\"isPartOf\":{\"@id\":\"https:\/\/estohub.com\/#website\"},\"datePublished\":\"2026-02-13T15:30:01+00:00\",\"dateModified\":\"2026-03-27T12:11:37+00:00\",\"description\":\"Estohubi teenused ettev\u00f5tte registreerimiseks Eestis, raamatupidamiseks, juriidilise aadressi saamiseks, pangakontode avamiseks ja likvideerimiseks\",\"breadcrumb\":{\"@id\":\"https:\/\/estohub.com\/company-registration\/#breadcrumb\"},\"inLanguage\":\"et\",\"potentialAction\":[{\"@type\":\"ReadAction\",\"target\":[\"https:\/\/estohub.com\/company-registration\/\"]}]},{\"@type\":\"BreadcrumbList\",\"@id\":\"https:\/\/estohub.com\/company-registration\/#breadcrumb\",\"itemListElement\":[{\"@type\":\"ListItem\",\"position\":1,\"name\":\"\u0413\u043b\u0430\u0432\u043d\u0430\u044f\",\"item\":\"https:\/\/estohub.com\/et\/\"},{\"@type\":\"ListItem\",\"position\":2,\"name\":\"Ettev\u00f5tte asutamise tugi\"}]},{\"@type\":\"WebSite\",\"@id\":\"https:\/\/estohub.com\/#website\",\"url\":\"https:\/\/estohub.com\/\",\"name\":\"ESTOHUB: Finance. Compliance. Growth\",\"description\":\"\",\"publisher\":{\"@id\":\"https:\/\/estohub.com\/#organization\"},\"potentialAction\":[{\"@type\":\"SearchAction\",\"target\":{\"@type\":\"EntryPoint\",\"urlTemplate\":\"https:\/\/estohub.com\/?s={search_term_string}\"},\"query-input\":{\"@type\":\"PropertyValueSpecification\",\"valueRequired\":true,\"valueName\":\"search_term_string\"}}],\"inLanguage\":\"et\"},{\"@type\":\"Organization\",\"@id\":\"https:\/\/estohub.com\/#organization\",\"name\":\"\u0421\u043c\u0430\u0440\u0442\u0421\u0442\u0435\u043a\u043b\u043e.\u0420\u0424\",\"alternateName\":\"\u041f\u043e\u0441\u0442\u0430\u0432\u0449\u0438\u043a \u0441\u043c\u0430\u0440\u0442-\u0441\u0442\u0435\u043a\u043b\u0430 \u0438 \u043f\u043b\u0435\u043d\u043a\u0430 \u0432 \u0420\u043e\u0441\u0441\u0438\u0438\",\"url\":\"https:\/\/estohub.com\/\",\"logo\":{\"@type\":\"ImageObject\",\"inLanguage\":\"et\",\"@id\":\"https:\/\/estohub.com\/#\/schema\/logo\/image\/\",\"url\":\"https:\/\/estohub.com\/wp-content\/uploads\/2026\/02\/logotip.png\",\"contentUrl\":\"https:\/\/estohub.com\/wp-content\/uploads\/2026\/02\/logotip.png\",\"width\":856,\"height\":173,\"caption\":\"\u0421\u043c\u0430\u0440\u0442\u0421\u0442\u0435\u043a\u043b\u043e.\u0420\u0424\"},\"image\":{\"@id\":\"https:\/\/estohub.com\/#\/schema\/logo\/image\/\"}}]}<\/script>\n<!-- \/ Yoast SEO Premium plugin. -->","yoast_head_json":{"title":"Igakuised raamatupidamispaketid \u2013 Estohub","description":"Estohubi teenused ettev\u00f5tte registreerimiseks Eestis, raamatupidamiseks, juriidilise aadressi saamiseks, pangakontode avamiseks ja likvideerimiseks","robots":{"index":"index","follow":"follow","max-snippet":"max-snippet:-1","max-image-preview":"max-image-preview:large","max-video-preview":"max-video-preview:-1"},"canonical":"https:\/\/estohub.com\/company-registration\/","og_locale":"et_EE","og_type":"article","og_title":"Igakuised raamatupidamispaketid \u2013 Estohub","og_description":"Estohubi teenused ettev\u00f5tte registreerimiseks Eestis, raamatupidamiseks, juriidilise aadressi saamiseks, pangakontode avamiseks ja likvideerimiseks","og_url":"https:\/\/estohub.com\/company-registration\/","og_site_name":"ESTOHUB: Finance. Compliance. Growth","article_modified_time":"2026-03-27T12:11:37+00:00","twitter_card":"summary_large_image","twitter_title":"Igakuised raamatupidamispaketid \u2013 Estohub","twitter_description":"Estohubi teenused ettev\u00f5tte registreerimiseks Eestis, raamatupidamiseks, juriidilise aadressi saamiseks, pangakontode avamiseks ja likvideerimiseks","twitter_misc":{"Est. reading time":"2 minutit"},"schema":{"@context":"https:\/\/schema.org","@graph":[{"@type":"WebPage","@id":"https:\/\/estohub.com\/company-registration\/","url":"https:\/\/estohub.com\/company-registration\/","name":"Igakuised raamatupidamispaketid \u2013 Estohub","isPartOf":{"@id":"https:\/\/estohub.com\/#website"},"datePublished":"2026-02-13T15:30:01+00:00","dateModified":"2026-03-27T12:11:37+00:00","description":"Estohubi teenused ettev\u00f5tte registreerimiseks Eestis, raamatupidamiseks, juriidilise aadressi saamiseks, pangakontode avamiseks ja likvideerimiseks","breadcrumb":{"@id":"https:\/\/estohub.com\/company-registration\/#breadcrumb"},"inLanguage":"et","potentialAction":[{"@type":"ReadAction","target":["https:\/\/estohub.com\/company-registration\/"]}]},{"@type":"BreadcrumbList","@id":"https:\/\/estohub.com\/company-registration\/#breadcrumb","itemListElement":[{"@type":"ListItem","position":1,"name":"\u0413\u043b\u0430\u0432\u043d\u0430\u044f","item":"https:\/\/estohub.com\/et\/"},{"@type":"ListItem","position":2,"name":"Ettev\u00f5tte asutamise tugi"}]},{"@type":"WebSite","@id":"https:\/\/estohub.com\/#website","url":"https:\/\/estohub.com\/","name":"ESTOHUB: Finance. Compliance. Growth","description":"","publisher":{"@id":"https:\/\/estohub.com\/#organization"},"potentialAction":[{"@type":"SearchAction","target":{"@type":"EntryPoint","urlTemplate":"https:\/\/estohub.com\/?s={search_term_string}"},"query-input":{"@type":"PropertyValueSpecification","valueRequired":true,"valueName":"search_term_string"}}],"inLanguage":"et"},{"@type":"Organization","@id":"https:\/\/estohub.com\/#organization","name":"\u0421\u043c\u0430\u0440\u0442\u0421\u0442\u0435\u043a\u043b\u043e.\u0420\u0424","alternateName":"\u041f\u043e\u0441\u0442\u0430\u0432\u0449\u0438\u043a \u0441\u043c\u0430\u0440\u0442-\u0441\u0442\u0435\u043a\u043b\u0430 \u0438 \u043f\u043b\u0435\u043d\u043a\u0430 \u0432 \u0420\u043e\u0441\u0441\u0438\u0438","url":"https:\/\/estohub.com\/","logo":{"@type":"ImageObject","inLanguage":"et","@id":"https:\/\/estohub.com\/#\/schema\/logo\/image\/","url":"https:\/\/estohub.com\/wp-content\/uploads\/2026\/02\/logotip.png","contentUrl":"https:\/\/estohub.com\/wp-content\/uploads\/2026\/02\/logotip.png","width":856,"height":173,"caption":"\u0421\u043c\u0430\u0440\u0442\u0421\u0442\u0435\u043a\u043b\u043e.\u0420\u0424"},"image":{"@id":"https:\/\/estohub.com\/#\/schema\/logo\/image\/"}}]}},"_links":{"self":[{"href":"https:\/\/estohub.com\/et\/wp-json\/wp\/v2\/pages\/28737","targetHints":{"allow":["GET"]}}],"collection":[{"href":"https:\/\/estohub.com\/et\/wp-json\/wp\/v2\/pages"}],"about":[{"href":"https:\/\/estohub.com\/et\/wp-json\/wp\/v2\/types\/page"}],"author":[{"embeddable":true,"href":"https:\/\/estohub.com\/et\/wp-json\/wp\/v2\/users\/1"}],"replies":[{"embeddable":true,"href":"https:\/\/estohub.com\/et\/wp-json\/wp\/v2\/comments?post=28737"}],"version-history":[{"count":2,"href":"https:\/\/estohub.com\/et\/wp-json\/wp\/v2\/pages\/28737\/revisions"}],"predecessor-version":[{"id":28739,"href":"https:\/\/estohub.com\/et\/wp-json\/wp\/v2\/pages\/28737\/revisions\/28739"}],"wp:attachment":[{"href":"https:\/\/estohub.com\/et\/wp-json\/wp\/v2\/media?parent=28737"}],"curies":[{"name":"wp","href":"https:\/\/api.w.org\/{rel}","templated":true}]}}