{"id":28740,"date":"2026-02-11T10:59:13","date_gmt":"2026-02-11T07:59:13","guid":{"rendered":"https:\/\/estohub.com\/ettevotte-likvideerimise-tugi\/"},"modified":"2026-03-27T15:14:07","modified_gmt":"2026-03-27T12:14:07","slug":"ettevotte-likvideerimise-tugi","status":"publish","type":"page","link":"https:\/\/estohub.com\/et\/ettevotte-likvideerimise-tugi\/","title":{"rendered":"Ettev\u00f5tte likvideerimise tugi"},"content":{"rendered":"<section class=\"l-section wpb_row height_small\"><div class=\"l-section-h i-cf\"><div class=\"g-cols vc_row via_grid cols_1 laptops-cols_inherit tablets-cols_inherit mobiles-cols_1 valign_top type_default stacking_default\"><div class=\"wpb_column vc_column_container\"><div class=\"vc_column-inner\"><div class=\"w-separator size_custom\" style=\"height:100px\" id=\"n490\"><style>@media(max-width:600px){ #n490{height:70px!important}}<\/style><\/div><h1 class=\"w-post-elm post_title us_custom_6793ca10 entry-title color_link_inherit\">Ettev\u00f5tte likvideerimise tugi<\/h1><div class=\"wpb_text_column\"><div class=\"wpb_wrapper\"><p>Ettev\u00f5tte sulgemine n\u00f5uab hoolikat planeerimist, korrektset dokumentatsiooni ja t\u00e4pset aruandlust. Estohub pakub ettev\u00f5tte likvideerimise tuge Eestis ettev\u00f5tetele, kes vajavad struktureeritud l\u00e4henemist tegevuse l\u00f5petamiseks. Aitame klientidel korraldada vajalikud sammud, koostada toetavad dokumendid ning liikuda protsessis edasi selge kommunikatsiooni ja praktilise juhendamisega.<\/p>\n<\/div><\/div><div class=\"w-separator size_medium\"><\/div><div class=\"g-cols wpb_row via_grid cols_3 laptops-cols_inherit tablets-cols_inherit mobiles-cols_1 valign_top type_default stacking_default\" style=\"--gap:1rem;\"><div class=\"wpb_column vc_column_container us_custom_11e40cd8 has_bg_color\"><div class=\"vc_column-inner\"><div class=\"wpb_text_column us_custom_0b7d8b82\"><div class=\"wpb_wrapper\"><h2>Mida me toetame<\/h2>\n<\/p>\n<p>Aitame korraldada peamised sammud, mis on seotud Eesti ettev\u00f5tte tegevuse l\u00f5petamisega.<\/p>\n<\/p>\n<ul>\n<li>Ettev\u00f5tte likvideerimisvalmiduse ja j\u00e4rgmiste sammude \u00fclevaatus<\/li>\n<li>Osanike otsuste ja vajalike dokumentide ettevalmistamine<\/li>\n<li>Juhendamine likvideerija m\u00e4\u00e4ramisel ja protsessi planeerimisel<\/li>\n<li>Tugi registriga seotud kannete ja teadete avaldamise etappides<\/li>\n<li>Likvideerimisega seotud raamatupidamisdokumentide ja aruandluse ettevalmistamine<\/li>\n<li>Abi l\u00f5ppdokumentide esitamisel ja protsessi l\u00f5ppfaasi koordineerimisel<\/li>\n<\/ul>\n<p>Meie fookus on selgel kommunikatsioonil ja h\u00e4sti ettevalmistatud dokumentatsioonil kogu protsessi v\u00e4ltel.<\/p>\n<\/div><\/div><\/div><\/div><div class=\"wpb_column vc_column_container us_custom_11e40cd8 has_bg_color\"><div class=\"vc_column-inner\"><div class=\"wpb_text_column us_custom_0b7d8b82\"><div class=\"wpb_wrapper\"><h2>Raamatupidamise ja dokumentatsiooni \u00fclevaatus<\/h2>\n<\/p>\n<p>Enne likvideerimise hilisemaid etappe tuleb ettev\u00f5tte raamatupidamisandmed ja aruandlus hoolikalt \u00fcle vaadata.<\/p>\n<\/p>\n<ul>\n<li>Raamatupidamise ja varasemalt esitatud aruannete \u00fclevaatus<\/li>\n<li>Allesj\u00e4\u00e4nud kohustuste, varade ja lahendamata k\u00fcsimuste tuvastamine<\/li>\n<li>Tugi avatud raamatupidamisk\u00fcsimuste lahendamisel<\/li>\n<li>Likvideerimisega seotud finantsaruannete ja dokumentide ettevalmistamine<\/li>\n<li>Praktiline juhendamine, et v\u00e4ltida protsessis tekkivaid tarbetuid viivitusi<\/li>\n<\/ul>\n<\/div><\/div><\/div><\/div><div class=\"wpb_column vc_column_container us_custom_11e40cd8 has_bg_color\"><div class=\"vc_column-inner\"><div class=\"wpb_text_column us_custom_0b7d8b82\"><div class=\"wpb_wrapper\"><h2>Mida oodata<\/h2>\n<\/p>\n<ul>\n<li>\u00dcks kindel kontaktisik kogu protsessi v\u00e4ltel<\/li>\n<li>Struktureeritud suhtlus igas etapis<\/li>\n<li>Tugi vastavalt ettev\u00f5tte tegelikule olukorrale ja dokumentatsioonile<\/li>\n<li>Praktiline juhendamine dokumentide s\u00e4ilitamise ja tegevuste kohta p\u00e4rast ettev\u00f5tte sulgemist<\/li>\n<\/ul>\n<h3>Protsessi kestus<\/h3>\n<\/p>\n<p>Kogu protsessi ajakava s\u00f5ltub ettev\u00f5tte raamatupidamise seisust, v\u00f5lausaldajatest, varadest ja dokumentide valmisolekust. Tavaline likvideerimine ei toimu koheselt ning kestab tavaliselt mitu kuud, kuna seadusest tulenevad teavitamis- ja ooteperioodid v\u00f5ivad kehtida.<\/p>\n<\/p>\n<p>Kui k\u00f5ik osapooled ei saa dokumente digitaalselt allkirjastada, v\u00f5ib osa samme olla vajalik teha notari kaudu.<\/p>\n<\/div><\/div><\/div><\/div><\/div><div class=\"w-separator size_custom\" style=\"height:1rem\"><\/div><div class=\"g-cols wpb_row via_grid cols_1 laptops-cols_inherit tablets-cols_inherit mobiles-cols_1 valign_top type_default stacking_default\" style=\"--gap:1rem;\"><div class=\"wpb_column vc_column_container us_custom_11727ba8 has_bg_color\"><div class=\"vc_column-inner\"><div class=\"wpb_text_column us_custom_0b7d8b82\"><div class=\"wpb_wrapper\"><h2>Kellele see teenus sobib<\/h2>\n<\/p>\n<ul>\n<li>Ettev\u00f5tetele, kes on oma \u00e4rieesm\u00e4rgi t\u00e4itnud<\/li>\n<li>Ettev\u00f5tetele, millel on v\u00e4he v\u00f5i puudub aktiivne tegevus<\/li>\n<li>Iduttev\u00f5tetele, kes l\u00f5petavad projekti v\u00f5i tegevuse<\/li>\n<li>Rahvusvahelistele ettev\u00f5tjatele, kes soovivad oma \u00e4ristruktuuri lihtsustada v\u00f5i \u00fcmber korraldada<\/li>\n<\/ul>\n<p>Vaatame iga juhtumi eraldi \u00fcle ja selgitame k\u00f5ige praktilisemat lahendust vastavalt ettev\u00f5tte hetkeolukorrale.<\/p>\n<\/div><\/div><\/div><\/div><\/div><\/div><\/div><\/div><\/div><\/section><section class=\"l-section wpb_row height_small\"><div class=\"l-section-h i-cf\"><div class=\"g-cols vc_row via_grid cols_1 laptops-cols_inherit tablets-cols_inherit mobiles-cols_1 valign_top type_default stacking_default\"><div class=\"wpb_column vc_column_container\"><div class=\"vc_column-inner\"><div class=\"w-actionbox us_custom_49f317a8 callme color_primary controls_right\"><div class=\"w-actionbox-text\"><div class=\"w-actionbox-description\"><p>Vajad abi oma Eesti ettev\u00f5tte likvideerimise korraldamisel? V\u00f5ta \u00fchendust Estohubiga, et arutada j\u00e4rgmisi praktilisi samme ning selgitada, millist dokumentatsiooni ja aruandlust sinu puhul vaja v\u00f5ib minna.<\/p>\n<\/div><\/div><div class=\"w-actionbox-controls\"><a class=\"w-btn us-btn-style_7\" href=\"#callme\"><span class=\"w-btn-label\">V\u00f5ta meiega \u00fchendust<\/span><\/a><\/div><\/div><\/div><\/div><\/div><\/div><\/section>\n","protected":false},"excerpt":{"rendered":"Ettev\u00f5tte likvideerimise tugiEttev\u00f5tte sulgemine n\u00f5uab hoolikat planeerimist, korrektset dokumentatsiooni ja t\u00e4pset aruandlust. Estohub pakub ettev\u00f5tte likvideerimise tuge Eestis ettev\u00f5tetele, kes vajavad struktureeritud l\u00e4henemist tegevuse l\u00f5petamiseks. Aitame klientidel korraldada vajalikud sammud, koostada toetavad dokumendid ning liikuda protsessis edasi selge kommunikatsiooni ja praktilise juhendamisega. Mida me toetame Aitame korraldada peamised sammud, mis on seotud Eesti ettev\u00f5tte tegevuse...","protected":false},"author":1,"featured_media":0,"parent":0,"menu_order":0,"comment_status":"closed","ping_status":"closed","template":"","meta":{"footnotes":""},"class_list":["post-28740","page","type-page","status-publish","hentry"],"yoast_head":"<!-- This site is optimized with the Yoast SEO Premium plugin v27.1 (Yoast SEO v27.1.1) - https:\/\/yoast.com\/product\/yoast-seo-premium-wordpress\/ -->\n<title>Ettev\u00f5tte likvideerimine \u2013 Estohub<\/title>\n<meta name=\"description\" content=\"Pakume ettev\u00f5tte likvideerimise teenuseid ning juriidilist n\u00f5ustamist ja korporatiivset tuge kogu likvideerimisprotsessi v\u00e4ltel. V\u00f5ta meiega juba t\u00e4na \u00fchendust, et saada professionaalset abi!\" \/>\n<meta name=\"robots\" content=\"index, follow, max-snippet:-1, max-image-preview:large, max-video-preview:-1\" \/>\n<link rel=\"canonical\" href=\"https:\/\/estohub.com\/company_liquidation\/\" \/>\n<meta property=\"og:locale\" content=\"et_EE\" \/>\n<meta property=\"og:type\" content=\"article\" \/>\n<meta property=\"og:title\" content=\"Ettev\u00f5tte likvideerimine \u2013 Estohub\" \/>\n<meta property=\"og:description\" content=\"Pakume ettev\u00f5tte likvideerimise teenuseid ning juriidilist n\u00f5ustamist ja korporatiivset tuge kogu likvideerimisprotsessi v\u00e4ltel. V\u00f5ta meiega juba t\u00e4na \u00fchendust, et saada professionaalset abi!\" \/>\n<meta property=\"og:url\" content=\"https:\/\/estohub.com\/company_liquidation\/\" \/>\n<meta property=\"og:site_name\" content=\"ESTOHUB: Finance. Compliance. Growth\" \/>\n<meta property=\"article:modified_time\" content=\"2026-03-27T12:14:07+00:00\" \/>\n<meta name=\"twitter:card\" content=\"summary_large_image\" \/>\n<meta name=\"twitter:title\" content=\"Ettev\u00f5tte likvideerimine \u2013 Estohub\" \/>\n<meta name=\"twitter:description\" content=\"Pakume ettev\u00f5tte likvideerimise teenuseid ning juriidilist n\u00f5ustamist ja korporatiivset tuge kogu likvideerimisprotsessi v\u00e4ltel. V\u00f5ta meiega juba t\u00e4na \u00fchendust, et saada professionaalset abi!\" \/>\n<meta name=\"twitter:label1\" content=\"Est. reading time\" \/>\n\t<meta name=\"twitter:data1\" content=\"3 minutit\" \/>\n<script type=\"application\/ld+json\" class=\"yoast-schema-graph\">{\"@context\":\"https:\/\/schema.org\",\"@graph\":[{\"@type\":\"WebPage\",\"@id\":\"https:\/\/estohub.com\/company_liquidation\/\",\"url\":\"https:\/\/estohub.com\/company_liquidation\/\",\"name\":\"Ettev\u00f5tte likvideerimine \u2013 Estohub\",\"isPartOf\":{\"@id\":\"https:\/\/estohub.com\/#website\"},\"datePublished\":\"2026-02-11T07:59:13+00:00\",\"dateModified\":\"2026-03-27T12:14:07+00:00\",\"description\":\"Pakume ettev\u00f5tte likvideerimise teenuseid ning juriidilist n\u00f5ustamist ja korporatiivset tuge kogu likvideerimisprotsessi v\u00e4ltel. V\u00f5ta meiega juba t\u00e4na \u00fchendust, et saada professionaalset abi!\",\"breadcrumb\":{\"@id\":\"https:\/\/estohub.com\/company_liquidation\/#breadcrumb\"},\"inLanguage\":\"et\",\"potentialAction\":[{\"@type\":\"ReadAction\",\"target\":[\"https:\/\/estohub.com\/company_liquidation\/\"]}]},{\"@type\":\"BreadcrumbList\",\"@id\":\"https:\/\/estohub.com\/company_liquidation\/#breadcrumb\",\"itemListElement\":[{\"@type\":\"ListItem\",\"position\":1,\"name\":\"\u0413\u043b\u0430\u0432\u043d\u0430\u044f\",\"item\":\"https:\/\/estohub.com\/et\/\"},{\"@type\":\"ListItem\",\"position\":2,\"name\":\"Ettev\u00f5tte likvideerimise tugi\"}]},{\"@type\":\"WebSite\",\"@id\":\"https:\/\/estohub.com\/#website\",\"url\":\"https:\/\/estohub.com\/\",\"name\":\"ESTOHUB: Finance. Compliance. Growth\",\"description\":\"\",\"publisher\":{\"@id\":\"https:\/\/estohub.com\/#organization\"},\"potentialAction\":[{\"@type\":\"SearchAction\",\"target\":{\"@type\":\"EntryPoint\",\"urlTemplate\":\"https:\/\/estohub.com\/?s={search_term_string}\"},\"query-input\":{\"@type\":\"PropertyValueSpecification\",\"valueRequired\":true,\"valueName\":\"search_term_string\"}}],\"inLanguage\":\"et\"},{\"@type\":\"Organization\",\"@id\":\"https:\/\/estohub.com\/#organization\",\"name\":\"\u0421\u043c\u0430\u0440\u0442\u0421\u0442\u0435\u043a\u043b\u043e.\u0420\u0424\",\"alternateName\":\"\u041f\u043e\u0441\u0442\u0430\u0432\u0449\u0438\u043a \u0441\u043c\u0430\u0440\u0442-\u0441\u0442\u0435\u043a\u043b\u0430 \u0438 \u043f\u043b\u0435\u043d\u043a\u0430 \u0432 \u0420\u043e\u0441\u0441\u0438\u0438\",\"url\":\"https:\/\/estohub.com\/\",\"logo\":{\"@type\":\"ImageObject\",\"inLanguage\":\"et\",\"@id\":\"https:\/\/estohub.com\/#\/schema\/logo\/image\/\",\"url\":\"https:\/\/estohub.com\/wp-content\/uploads\/2026\/02\/logotip.png\",\"contentUrl\":\"https:\/\/estohub.com\/wp-content\/uploads\/2026\/02\/logotip.png\",\"width\":856,\"height\":173,\"caption\":\"\u0421\u043c\u0430\u0440\u0442\u0421\u0442\u0435\u043a\u043b\u043e.\u0420\u0424\"},\"image\":{\"@id\":\"https:\/\/estohub.com\/#\/schema\/logo\/image\/\"}}]}<\/script>\n<!-- \/ Yoast SEO Premium plugin. -->","yoast_head_json":{"title":"Ettev\u00f5tte likvideerimine \u2013 Estohub","description":"Pakume ettev\u00f5tte likvideerimise teenuseid ning juriidilist n\u00f5ustamist ja korporatiivset tuge kogu likvideerimisprotsessi v\u00e4ltel. V\u00f5ta meiega juba t\u00e4na \u00fchendust, et saada professionaalset abi!","robots":{"index":"index","follow":"follow","max-snippet":"max-snippet:-1","max-image-preview":"max-image-preview:large","max-video-preview":"max-video-preview:-1"},"canonical":"https:\/\/estohub.com\/company_liquidation\/","og_locale":"et_EE","og_type":"article","og_title":"Ettev\u00f5tte likvideerimine \u2013 Estohub","og_description":"Pakume ettev\u00f5tte likvideerimise teenuseid ning juriidilist n\u00f5ustamist ja korporatiivset tuge kogu likvideerimisprotsessi v\u00e4ltel. V\u00f5ta meiega juba t\u00e4na \u00fchendust, et saada professionaalset abi!","og_url":"https:\/\/estohub.com\/company_liquidation\/","og_site_name":"ESTOHUB: Finance. Compliance. Growth","article_modified_time":"2026-03-27T12:14:07+00:00","twitter_card":"summary_large_image","twitter_title":"Ettev\u00f5tte likvideerimine \u2013 Estohub","twitter_description":"Pakume ettev\u00f5tte likvideerimise teenuseid ning juriidilist n\u00f5ustamist ja korporatiivset tuge kogu likvideerimisprotsessi v\u00e4ltel. V\u00f5ta meiega juba t\u00e4na \u00fchendust, et saada professionaalset abi!","twitter_misc":{"Est. reading time":"3 minutit"},"schema":{"@context":"https:\/\/schema.org","@graph":[{"@type":"WebPage","@id":"https:\/\/estohub.com\/company_liquidation\/","url":"https:\/\/estohub.com\/company_liquidation\/","name":"Ettev\u00f5tte likvideerimine \u2013 Estohub","isPartOf":{"@id":"https:\/\/estohub.com\/#website"},"datePublished":"2026-02-11T07:59:13+00:00","dateModified":"2026-03-27T12:14:07+00:00","description":"Pakume ettev\u00f5tte likvideerimise teenuseid ning juriidilist n\u00f5ustamist ja korporatiivset tuge kogu likvideerimisprotsessi v\u00e4ltel. V\u00f5ta meiega juba t\u00e4na \u00fchendust, et saada professionaalset abi!","breadcrumb":{"@id":"https:\/\/estohub.com\/company_liquidation\/#breadcrumb"},"inLanguage":"et","potentialAction":[{"@type":"ReadAction","target":["https:\/\/estohub.com\/company_liquidation\/"]}]},{"@type":"BreadcrumbList","@id":"https:\/\/estohub.com\/company_liquidation\/#breadcrumb","itemListElement":[{"@type":"ListItem","position":1,"name":"\u0413\u043b\u0430\u0432\u043d\u0430\u044f","item":"https:\/\/estohub.com\/et\/"},{"@type":"ListItem","position":2,"name":"Ettev\u00f5tte likvideerimise tugi"}]},{"@type":"WebSite","@id":"https:\/\/estohub.com\/#website","url":"https:\/\/estohub.com\/","name":"ESTOHUB: Finance. Compliance. Growth","description":"","publisher":{"@id":"https:\/\/estohub.com\/#organization"},"potentialAction":[{"@type":"SearchAction","target":{"@type":"EntryPoint","urlTemplate":"https:\/\/estohub.com\/?s={search_term_string}"},"query-input":{"@type":"PropertyValueSpecification","valueRequired":true,"valueName":"search_term_string"}}],"inLanguage":"et"},{"@type":"Organization","@id":"https:\/\/estohub.com\/#organization","name":"\u0421\u043c\u0430\u0440\u0442\u0421\u0442\u0435\u043a\u043b\u043e.\u0420\u0424","alternateName":"\u041f\u043e\u0441\u0442\u0430\u0432\u0449\u0438\u043a \u0441\u043c\u0430\u0440\u0442-\u0441\u0442\u0435\u043a\u043b\u0430 \u0438 \u043f\u043b\u0435\u043d\u043a\u0430 \u0432 \u0420\u043e\u0441\u0441\u0438\u0438","url":"https:\/\/estohub.com\/","logo":{"@type":"ImageObject","inLanguage":"et","@id":"https:\/\/estohub.com\/#\/schema\/logo\/image\/","url":"https:\/\/estohub.com\/wp-content\/uploads\/2026\/02\/logotip.png","contentUrl":"https:\/\/estohub.com\/wp-content\/uploads\/2026\/02\/logotip.png","width":856,"height":173,"caption":"\u0421\u043c\u0430\u0440\u0442\u0421\u0442\u0435\u043a\u043b\u043e.\u0420\u0424"},"image":{"@id":"https:\/\/estohub.com\/#\/schema\/logo\/image\/"}}]}},"_links":{"self":[{"href":"https:\/\/estohub.com\/et\/wp-json\/wp\/v2\/pages\/28740","targetHints":{"allow":["GET"]}}],"collection":[{"href":"https:\/\/estohub.com\/et\/wp-json\/wp\/v2\/pages"}],"about":[{"href":"https:\/\/estohub.com\/et\/wp-json\/wp\/v2\/types\/page"}],"author":[{"embeddable":true,"href":"https:\/\/estohub.com\/et\/wp-json\/wp\/v2\/users\/1"}],"replies":[{"embeddable":true,"href":"https:\/\/estohub.com\/et\/wp-json\/wp\/v2\/comments?post=28740"}],"version-history":[{"count":2,"href":"https:\/\/estohub.com\/et\/wp-json\/wp\/v2\/pages\/28740\/revisions"}],"predecessor-version":[{"id":28742,"href":"https:\/\/estohub.com\/et\/wp-json\/wp\/v2\/pages\/28740\/revisions\/28742"}],"wp:attachment":[{"href":"https:\/\/estohub.com\/et\/wp-json\/wp\/v2\/media?parent=28740"}],"curies":[{"name":"wp","href":"https:\/\/api.w.org\/{rel}","templated":true}]}}