{"id":28749,"date":"2026-02-11T11:41:07","date_gmt":"2026-02-11T08:41:07","guid":{"rendered":"https:\/\/estohub.com\/igakuised-raamatupidamispaketid\/"},"modified":"2026-03-27T15:48:28","modified_gmt":"2026-03-27T12:48:28","slug":"igakuised-raamatupidamispaketid","status":"publish","type":"page","link":"https:\/\/estohub.com\/et\/igakuised-raamatupidamispaketid\/","title":{"rendered":"Igakuised raamatupidamispaketid"},"content":{"rendered":"<section class=\"l-section wpb_row height_small\"><div class=\"l-section-h i-cf\"><div class=\"g-cols vc_row via_grid cols_1 laptops-cols_inherit tablets-cols_inherit mobiles-cols_1 valign_top type_default stacking_default\"><div class=\"wpb_column vc_column_container\"><div class=\"vc_column-inner\"><div class=\"w-separator size_custom\" style=\"height:100px\" id=\"a27b\"><style>@media(max-width:600px){ #a27b{height:70px!important}}<\/style><\/div><h1 class=\"w-post-elm post_title us_custom_acd56772 entry-title color_link_inherit\">Igakuised raamatupidamispaketid<\/h1><div class=\"wpb_text_column us_custom_eb849559\"><div class=\"wpb_wrapper\"><h2>Vali pakett, mis sobib sinu ettev\u00f5tte praeguse arenguetapiga<\/h2>\n<\/p>\n<p>L\u00e4bipaistev hinnastamine ja praktiline tugi Eesti ettev\u00f5tetele.<\/p>\n<\/div><\/div><div class=\"w-separator size_medium\"><\/div><div class=\"w-pricing style_cards items_3\"><div class=\"w-pricing-item type_default\"><div class=\"w-pricing-item-h\"><div class=\"w-pricing-item-header\"><div class=\"w-pricing-item-title\">Standart<br \/>Kasvavatele ettev\u00f5tetele<\/div><div class=\"w-pricing-item-price\">\u20ac99<small>kuus<\/small><\/div><\/div><ul class=\"w-pricing-item-features\"><li class=\"w-pricing-item-feature\">\u2714 \u00c4riaadressi ja kontaktisiku teenus\r<\/li><li class=\"w-pricing-item-feature\">\u2714 1 toetatud pangakonto\r<\/li><li class=\"w-pricing-item-feature\">\u2714 Kuni 20 arvet kuus\r<\/li><li class=\"w-pricing-item-feature\">\u2714 K\u00e4ibemaksuaruandluse tugi\r<\/li><li class=\"w-pricing-item-feature\">\u2714 Palgaarvestuse ja TSD tugi (1 t\u00f6\u00f6taja)\r<\/li><li class=\"w-pricing-item-feature\">\u2714 Aastaaruande koostamise tugi (+1 kuutasu)\r<\/li><li class=\"w-pricing-item-feature\">\r<\/li><li class=\"w-pricing-item-feature\">\u2716 OSS \/ IOSS aruandluse tugi\r<\/li><li class=\"w-pricing-item-feature\">\u2716 E-kaubanduse platvormide koosk\u00f5lastus\r<\/li><li class=\"w-pricing-item-feature\">\u2716 Investeeringute ja digitaalsete varade raamatupidamine\r<\/li><li class=\"w-pricing-item-feature\">\u2716 Prioriteetne tugi<\/li><\/ul><div class=\"w-pricing-item-footer\"><a class=\"w-btn us-btn-style_7\" style=\"font-size:15px\" href=\"\/#contact\"><span class=\"w-btn-label\">Alusta<\/span><\/a><\/div><\/div><\/div><div class=\"w-pricing-item type_featured\"><div class=\"w-pricing-item-h\"><div class=\"w-pricing-item-header\"><div class=\"w-pricing-item-title\">Plus<br \/>E-kaubanduse ja EL m\u00fc\u00fcgi jaoks<\/div><div class=\"w-pricing-item-price\">\u20ac149<small>kuus<\/small><\/div><\/div><ul class=\"w-pricing-item-features\"><li class=\"w-pricing-item-feature\">\u2714 \u00c4riaadressi ja kontaktisiku teenus\r<\/li><li class=\"w-pricing-item-feature\">\u2714 3 toetatud pangakontot\r<\/li><li class=\"w-pricing-item-feature\">\u2714 Kuni 20 arvet kuus*\r<\/li><li class=\"w-pricing-item-feature\">\u2714 K\u00e4ibemaksuaruandluse tugi\r<\/li><li class=\"w-pricing-item-feature\">\u2714 OSS \/ IOSS aruandluse tugi\r<\/li><li class=\"w-pricing-item-feature\">\u2714 E-kaubanduse platvormide koosk\u00f5lastus\r<\/li><li class=\"w-pricing-item-feature\">\u2714 Palgaarvestuse ja TSD tugi (1 t\u00f6\u00f6taja)\r<\/li><li class=\"w-pricing-item-feature\">\u2714 Aastaaruande koostamise tugi (+1 kuutasu)\r<\/li><li class=\"w-pricing-item-feature\">\r<\/li><li class=\"w-pricing-item-feature\">\u2716 Investeeringute ja digitaalsete varade raamatupidamine\r<\/li><li class=\"w-pricing-item-feature\">\u2716 Prioriteetne tugi<\/li><\/ul><div class=\"w-pricing-item-footer\"><a class=\"w-btn us-btn-style_7\" style=\"font-size:15px\" href=\"\/#contact\"><span class=\"w-btn-label\">Alusta<\/span><\/a><\/div><\/div><\/div><div class=\"w-pricing-item type_default\"><div class=\"w-pricing-item-h\"><div class=\"w-pricing-item-header\"><div class=\"w-pricing-item-title\">Premium<br \/>Keerukamate vajadustega ettev\u00f5tetele<\/div><div class=\"w-pricing-item-price\">\u20ac199<small>kuus<\/small><\/div><\/div><ul class=\"w-pricing-item-features\"><li class=\"w-pricing-item-feature\">\u2714 \u00c4riaadressi ja kontaktisiku teenus\r<\/li><li class=\"w-pricing-item-feature\">\u2714 3 toetatud pangakontot\r<\/li><li class=\"w-pricing-item-feature\">\u2714 Kuni 50 arvet kuus*\r<\/li><li class=\"w-pricing-item-feature\">\u2714 K\u00e4ibemaksuaruandluse tugi\r<\/li><li class=\"w-pricing-item-feature\">\u2714 OSS \/ IOSS aruandluse tugi\r<\/li><li class=\"w-pricing-item-feature\">\u2714 E-kaubanduse platvormide koosk\u00f5lastus\r<\/li><li class=\"w-pricing-item-feature\">\u2714 Palgaarvestuse ja TSD tugi (1 t\u00f6\u00f6taja)\r<\/li><li class=\"w-pricing-item-feature\">\u2714 Investeeringute ja digitaalsete varade raamatupidamise tugi\r<\/li><li class=\"w-pricing-item-feature\">\u2714 Aastaaruande koostamise tugi (+1 kuutasu)\r<\/li><li class=\"w-pricing-item-feature\">\u2714 Prioriteetne tugi<\/li><\/ul><div class=\"w-pricing-item-footer\"><a class=\"w-btn us-btn-style_7\" style=\"font-size:15px\" href=\"\/#contact\"><span class=\"w-btn-label\">Alusta<\/span><\/a><\/div><\/div><\/div><\/div><div class=\"w-separator size_medium\"><\/div><div class=\"wpb_text_column us_custom_eb849559\"><div class=\"wpb_wrapper\"><p>Ettev\u00f5tte asutamise tugi on meie Scale v\u00f5i Elite paketi puhul lisatasuta \u2014 tasud ainult ametliku Eesti riigil\u00f5ivu (265 \u20ac), kui see on kohaldatav.<\/p>\n<p>Puuduvad varjatud tasud. Olemasolevad Eesti ettev\u00f5tted saavad pakette vahetada ilma t\u00e4iendava seadistustasuta.<\/p>\n<p><em>* T\u00e4iendav kuine dokumentide maht: 21\u201350 (199 \u20ac) \u00b7 51\u2013200 (299 \u20ac) \u00b7 201\u2013500 (499 \u20ac)<\/em><\/p>\n<p>K\u00f5ik hinnad on ilma k\u00e4ibemaksuta.<\/p>\n<\/div><\/div><\/div><\/div><\/div><\/div><\/section><section class=\"l-section wpb_row height_small\"><div class=\"l-section-h i-cf\"><div class=\"g-cols vc_row via_grid cols_1 laptops-cols_inherit tablets-cols_inherit mobiles-cols_1 valign_top type_default stacking_default\"><div class=\"wpb_column vc_column_container\"><div class=\"vc_column-inner\"><div class=\"w-actionbox us_custom_49f317a8 callme color_primary controls_right\"><div class=\"w-actionbox-text\"><div class=\"w-actionbox-description\"><p>Vajad abi oma Eesti ettev\u00f5ttele sobiva paketi valimisel? V\u00f5ta \u00fchendust Estohubiga ja soovitame sulle k\u00f5ige praktilisema lahenduse vastavalt sinu tehingumahule, k\u00e4ibemaksuvajadustele ja aruandlusprofiilile.<\/p>\n<\/div><\/div><div class=\"w-actionbox-controls\"><a class=\"w-btn us-btn-style_7\" href=\"#callme\"><span class=\"w-btn-label\">V\u00f5ta meiega \u00fchendust<\/span><\/a><\/div><\/div><\/div><\/div><\/div><\/div><\/section>\n","protected":false},"excerpt":{"rendered":"Igakuised raamatupidamispaketidVali pakett, mis sobib sinu ettev\u00f5tte praeguse arenguetapiga L\u00e4bipaistev hinnastamine ja praktiline tugi Eesti ettev\u00f5tetele. StandartKasvavatele ettev\u00f5tetele\u20ac99kuus\u2714 \u00c4riaadressi ja kontaktisiku teenus \u2714 1 toetatud pangakonto \u2714 Kuni 20 arvet kuus \u2714 K\u00e4ibemaksuaruandluse tugi \u2714 Palgaarvestuse ja TSD tugi (1 t\u00f6\u00f6taja) \u2714 Aastaaruande koostamise tugi (+1 kuutasu) \u2716 OSS \/ IOSS aruandluse tugi \u2716 E-kaubanduse...","protected":false},"author":1,"featured_media":0,"parent":0,"menu_order":0,"comment_status":"closed","ping_status":"closed","template":"","meta":{"footnotes":""},"class_list":["post-28749","page","type-page","status-publish","hentry"],"yoast_head":"<!-- This site is optimized with the Yoast SEO Premium plugin v27.1 (Yoast SEO v27.1.1) - https:\/\/yoast.com\/product\/yoast-seo-premium-wordpress\/ -->\n<title>Igakuised raamatupidamispaketid \u2013 Estohub<\/title>\n<meta name=\"description\" content=\"Estohubi teenused ettev\u00f5tte registreerimiseks Eestis, raamatupidamiseks, juriidilise aadressi saamiseks, pangakontode avamiseks ja likvideerimiseks\" \/>\n<meta name=\"robots\" content=\"index, follow, max-snippet:-1, max-image-preview:large, max-video-preview:-1\" \/>\n<link rel=\"canonical\" href=\"https:\/\/estohub.com\/monthly-accounting-plans\/\" \/>\n<meta property=\"og:locale\" content=\"et_EE\" \/>\n<meta property=\"og:type\" content=\"article\" \/>\n<meta property=\"og:title\" content=\"Igakuised raamatupidamispaketid \u2013 Estohub\" \/>\n<meta property=\"og:description\" content=\"Estohubi teenused ettev\u00f5tte registreerimiseks Eestis, raamatupidamiseks, juriidilise aadressi saamiseks, pangakontode avamiseks ja likvideerimiseks\" \/>\n<meta property=\"og:url\" content=\"https:\/\/estohub.com\/monthly-accounting-plans\/\" \/>\n<meta property=\"og:site_name\" content=\"ESTOHUB: Finance. Compliance. Growth\" \/>\n<meta property=\"article:modified_time\" content=\"2026-03-27T12:48:28+00:00\" \/>\n<meta name=\"twitter:card\" content=\"summary_large_image\" \/>\n<meta name=\"twitter:title\" content=\"Igakuised raamatupidamispaketid \u2013 Estohub\" \/>\n<meta name=\"twitter:description\" content=\"Estohubi teenused ettev\u00f5tte registreerimiseks Eestis, raamatupidamiseks, juriidilise aadressi saamiseks, pangakontode avamiseks ja likvideerimiseks\" \/>\n<meta name=\"twitter:label1\" content=\"Est. reading time\" \/>\n\t<meta name=\"twitter:data1\" content=\"3 minutit\" \/>\n<script type=\"application\/ld+json\" class=\"yoast-schema-graph\">{\"@context\":\"https:\/\/schema.org\",\"@graph\":[{\"@type\":\"WebPage\",\"@id\":\"https:\/\/estohub.com\/monthly-accounting-plans\/\",\"url\":\"https:\/\/estohub.com\/monthly-accounting-plans\/\",\"name\":\"Igakuised raamatupidamispaketid \u2013 Estohub\",\"isPartOf\":{\"@id\":\"https:\/\/estohub.com\/#website\"},\"datePublished\":\"2026-02-11T08:41:07+00:00\",\"dateModified\":\"2026-03-27T12:48:28+00:00\",\"description\":\"Estohubi teenused ettev\u00f5tte registreerimiseks Eestis, raamatupidamiseks, juriidilise aadressi saamiseks, pangakontode avamiseks ja likvideerimiseks\",\"breadcrumb\":{\"@id\":\"https:\/\/estohub.com\/monthly-accounting-plans\/#breadcrumb\"},\"inLanguage\":\"et\",\"potentialAction\":[{\"@type\":\"ReadAction\",\"target\":[\"https:\/\/estohub.com\/monthly-accounting-plans\/\"]}]},{\"@type\":\"BreadcrumbList\",\"@id\":\"https:\/\/estohub.com\/monthly-accounting-plans\/#breadcrumb\",\"itemListElement\":[{\"@type\":\"ListItem\",\"position\":1,\"name\":\"\u0413\u043b\u0430\u0432\u043d\u0430\u044f\",\"item\":\"https:\/\/estohub.com\/et\/\"},{\"@type\":\"ListItem\",\"position\":2,\"name\":\"Igakuised raamatupidamispaketid\"}]},{\"@type\":\"WebSite\",\"@id\":\"https:\/\/estohub.com\/#website\",\"url\":\"https:\/\/estohub.com\/\",\"name\":\"ESTOHUB: Finance. Compliance. Growth\",\"description\":\"\",\"publisher\":{\"@id\":\"https:\/\/estohub.com\/#organization\"},\"potentialAction\":[{\"@type\":\"SearchAction\",\"target\":{\"@type\":\"EntryPoint\",\"urlTemplate\":\"https:\/\/estohub.com\/?s={search_term_string}\"},\"query-input\":{\"@type\":\"PropertyValueSpecification\",\"valueRequired\":true,\"valueName\":\"search_term_string\"}}],\"inLanguage\":\"et\"},{\"@type\":\"Organization\",\"@id\":\"https:\/\/estohub.com\/#organization\",\"name\":\"\u0421\u043c\u0430\u0440\u0442\u0421\u0442\u0435\u043a\u043b\u043e.\u0420\u0424\",\"alternateName\":\"\u041f\u043e\u0441\u0442\u0430\u0432\u0449\u0438\u043a \u0441\u043c\u0430\u0440\u0442-\u0441\u0442\u0435\u043a\u043b\u0430 \u0438 \u043f\u043b\u0435\u043d\u043a\u0430 \u0432 \u0420\u043e\u0441\u0441\u0438\u0438\",\"url\":\"https:\/\/estohub.com\/\",\"logo\":{\"@type\":\"ImageObject\",\"inLanguage\":\"et\",\"@id\":\"https:\/\/estohub.com\/#\/schema\/logo\/image\/\",\"url\":\"https:\/\/estohub.com\/wp-content\/uploads\/2026\/02\/logotip.png\",\"contentUrl\":\"https:\/\/estohub.com\/wp-content\/uploads\/2026\/02\/logotip.png\",\"width\":856,\"height\":173,\"caption\":\"\u0421\u043c\u0430\u0440\u0442\u0421\u0442\u0435\u043a\u043b\u043e.\u0420\u0424\"},\"image\":{\"@id\":\"https:\/\/estohub.com\/#\/schema\/logo\/image\/\"}}]}<\/script>\n<!-- \/ Yoast SEO Premium plugin. -->","yoast_head_json":{"title":"Igakuised raamatupidamispaketid \u2013 Estohub","description":"Estohubi teenused ettev\u00f5tte registreerimiseks Eestis, raamatupidamiseks, juriidilise aadressi saamiseks, pangakontode avamiseks ja likvideerimiseks","robots":{"index":"index","follow":"follow","max-snippet":"max-snippet:-1","max-image-preview":"max-image-preview:large","max-video-preview":"max-video-preview:-1"},"canonical":"https:\/\/estohub.com\/monthly-accounting-plans\/","og_locale":"et_EE","og_type":"article","og_title":"Igakuised raamatupidamispaketid \u2013 Estohub","og_description":"Estohubi teenused ettev\u00f5tte registreerimiseks Eestis, raamatupidamiseks, juriidilise aadressi saamiseks, pangakontode avamiseks ja likvideerimiseks","og_url":"https:\/\/estohub.com\/monthly-accounting-plans\/","og_site_name":"ESTOHUB: Finance. Compliance. Growth","article_modified_time":"2026-03-27T12:48:28+00:00","twitter_card":"summary_large_image","twitter_title":"Igakuised raamatupidamispaketid \u2013 Estohub","twitter_description":"Estohubi teenused ettev\u00f5tte registreerimiseks Eestis, raamatupidamiseks, juriidilise aadressi saamiseks, pangakontode avamiseks ja likvideerimiseks","twitter_misc":{"Est. reading time":"3 minutit"},"schema":{"@context":"https:\/\/schema.org","@graph":[{"@type":"WebPage","@id":"https:\/\/estohub.com\/monthly-accounting-plans\/","url":"https:\/\/estohub.com\/monthly-accounting-plans\/","name":"Igakuised raamatupidamispaketid \u2013 Estohub","isPartOf":{"@id":"https:\/\/estohub.com\/#website"},"datePublished":"2026-02-11T08:41:07+00:00","dateModified":"2026-03-27T12:48:28+00:00","description":"Estohubi teenused ettev\u00f5tte registreerimiseks Eestis, raamatupidamiseks, juriidilise aadressi saamiseks, pangakontode avamiseks ja likvideerimiseks","breadcrumb":{"@id":"https:\/\/estohub.com\/monthly-accounting-plans\/#breadcrumb"},"inLanguage":"et","potentialAction":[{"@type":"ReadAction","target":["https:\/\/estohub.com\/monthly-accounting-plans\/"]}]},{"@type":"BreadcrumbList","@id":"https:\/\/estohub.com\/monthly-accounting-plans\/#breadcrumb","itemListElement":[{"@type":"ListItem","position":1,"name":"\u0413\u043b\u0430\u0432\u043d\u0430\u044f","item":"https:\/\/estohub.com\/et\/"},{"@type":"ListItem","position":2,"name":"Igakuised raamatupidamispaketid"}]},{"@type":"WebSite","@id":"https:\/\/estohub.com\/#website","url":"https:\/\/estohub.com\/","name":"ESTOHUB: Finance. Compliance. Growth","description":"","publisher":{"@id":"https:\/\/estohub.com\/#organization"},"potentialAction":[{"@type":"SearchAction","target":{"@type":"EntryPoint","urlTemplate":"https:\/\/estohub.com\/?s={search_term_string}"},"query-input":{"@type":"PropertyValueSpecification","valueRequired":true,"valueName":"search_term_string"}}],"inLanguage":"et"},{"@type":"Organization","@id":"https:\/\/estohub.com\/#organization","name":"\u0421\u043c\u0430\u0440\u0442\u0421\u0442\u0435\u043a\u043b\u043e.\u0420\u0424","alternateName":"\u041f\u043e\u0441\u0442\u0430\u0432\u0449\u0438\u043a \u0441\u043c\u0430\u0440\u0442-\u0441\u0442\u0435\u043a\u043b\u0430 \u0438 \u043f\u043b\u0435\u043d\u043a\u0430 \u0432 \u0420\u043e\u0441\u0441\u0438\u0438","url":"https:\/\/estohub.com\/","logo":{"@type":"ImageObject","inLanguage":"et","@id":"https:\/\/estohub.com\/#\/schema\/logo\/image\/","url":"https:\/\/estohub.com\/wp-content\/uploads\/2026\/02\/logotip.png","contentUrl":"https:\/\/estohub.com\/wp-content\/uploads\/2026\/02\/logotip.png","width":856,"height":173,"caption":"\u0421\u043c\u0430\u0440\u0442\u0421\u0442\u0435\u043a\u043b\u043e.\u0420\u0424"},"image":{"@id":"https:\/\/estohub.com\/#\/schema\/logo\/image\/"}}]}},"_links":{"self":[{"href":"https:\/\/estohub.com\/et\/wp-json\/wp\/v2\/pages\/28749","targetHints":{"allow":["GET"]}}],"collection":[{"href":"https:\/\/estohub.com\/et\/wp-json\/wp\/v2\/pages"}],"about":[{"href":"https:\/\/estohub.com\/et\/wp-json\/wp\/v2\/types\/page"}],"author":[{"embeddable":true,"href":"https:\/\/estohub.com\/et\/wp-json\/wp\/v2\/users\/1"}],"replies":[{"embeddable":true,"href":"https:\/\/estohub.com\/et\/wp-json\/wp\/v2\/comments?post=28749"}],"version-history":[{"count":8,"href":"https:\/\/estohub.com\/et\/wp-json\/wp\/v2\/pages\/28749\/revisions"}],"predecessor-version":[{"id":28768,"href":"https:\/\/estohub.com\/et\/wp-json\/wp\/v2\/pages\/28749\/revisions\/28768"}],"wp:attachment":[{"href":"https:\/\/estohub.com\/et\/wp-json\/wp\/v2\/media?parent=28749"}],"curies":[{"name":"wp","href":"https:\/\/api.w.org\/{rel}","templated":true}]}}