{"id":28752,"date":"2026-03-11T16:08:50","date_gmt":"2026-03-11T13:08:50","guid":{"rendered":"https:\/\/estohub.com\/alusta-oma-ettevotet-eestis-e-residentsusega\/"},"modified":"2026-03-27T15:30:21","modified_gmt":"2026-03-27T12:30:21","slug":"alusta-oma-ettevotet-eestis-e-residentsusega","status":"publish","type":"page","link":"https:\/\/estohub.com\/et\/alusta-oma-ettevotet-eestis-e-residentsusega\/","title":{"rendered":"Alusta oma ettev\u00f5tet Eestis e-residentsusega"},"content":{"rendered":"<section class=\"l-section wpb_row height_small\"><div class=\"l-section-h i-cf\"><div class=\"g-cols vc_row via_grid cols_1 laptops-cols_inherit tablets-cols_inherit mobiles-cols_1 valign_top type_default stacking_default\"><div class=\"wpb_column vc_column_container\"><div class=\"vc_column-inner\"><div class=\"w-separator size_custom\" style=\"height:100px\" id=\"w989\"><style>@media(max-width:600px){ #w989{height:70px!important}}<\/style><\/div><h1 class=\"w-post-elm post_title us_custom_acd56772 entry-title color_link_inherit\">Alusta oma ettev\u00f5tet Eestis e-residentsusega<\/h1><div class=\"w-separator size_small\"><\/div><div class=\"w-tabs style_default switch_click accordion has_scrolling\" style=\"--sections-title-size:inherit\"><div class=\"w-tabs-sections titles-align_none icon_plus cpos_right\"><div class=\"w-tabs-section\" id=\"j634\"><button class=\"w-tabs-section-header\" aria-controls=\"content-j634\" aria-expanded=\"false\"><div class=\"w-tabs-section-title\">Mis on Eesti e-residentsus?<\/div><div class=\"w-tabs-section-control\"><\/div><\/button><div  class=\"w-tabs-section-content\" id=\"content-j634\"><div class=\"w-tabs-section-content-h i-cf\"><div class=\"wpb_text_column\"><div class=\"wpb_wrapper\"><p>Eesti <strong>e-residentsus<\/strong> on riigi poolt v\u00e4ljastatud digitaalne identiteet mitteresidentidele, kes vajavad turvalist ligip\u00e4\u00e4su Eesti e-teenustele. See on praktiline lahendus \u00e4riga seotud toimingute tegemiseks veebis.<\/p>\n<\/div><\/div><\/div><\/div><\/div><div class=\"w-tabs-section\" id=\"e4ba\"><button class=\"w-tabs-section-header\" aria-controls=\"content-e4ba\" aria-expanded=\"false\"><div class=\"w-tabs-section-title\">Ettev\u00f5tte asutamine Eesti \u00e4riregistri kaudu<\/div><div class=\"w-tabs-section-control\"><\/div><\/button><div  class=\"w-tabs-section-content\" id=\"content-e4ba\"><div class=\"w-tabs-section-content-h i-cf\"><div class=\"wpb_text_column\"><div class=\"wpb_wrapper\"><p>Kui sul on olemas e-residentsuse digitaalne ID, saad alustada ettev\u00f5tte asutamise taotluse ettevalmistamist l\u00e4bi <a href=\"https:\/\/ariregister.rik.ee\/eng\">Eesti \u00e4riregistri<\/a>. Paljude rahvusvaheliste ettev\u00f5tjate jaoks on k\u00f5ige praktilisem juriidiline vorm <strong>O\u00dc<\/strong> (osa\u00fching). Hetkel kehtiv ametlik riigil\u00f5iv O\u00dc veebip\u00f5hiseks asutamiseks on <strong>265 \u20ac<\/strong>.<\/p>\n<h3>Mida asutamisprotsess tavaliselt sisaldab<\/h3>\n<\/p>\n<ul>\n<li>sobiva ja vaba ettev\u00f5ttenime valimine<\/li>\n<li>osanike ja juhatuse liikmete lisamine<\/li>\n<li>peamise tegevusala (EMTAK) valimine<\/li>\n<li>osakapitali sissemakse tegemine<\/li>\n<li>taotluse digiallkirjastamine ja esitamine<\/li>\n<\/ul>\n<h3>\u00c4riaadress ja kontaktisik<\/h3>\n<p>Kui juhatus kasutab mitte-Eesti aadressi, on tavaliselt vajalik litsentseeritud kontaktisik Eestis. Paljud ettev\u00f5tjad kasutavad ka kohalikku \u00e4ri aadressi teenust, et ametlik kirjavahetus oleks usaldusv\u00e4\u00e4rselt vastu v\u00f5etud ja edastatud.<\/p>\n<h3>Osakapital ja k\u00e4ibemaks<\/h3>\n<p>O\u00dc puhul algab minimaalne osakapital <strong>0,01 \u20ac osaniku kohta<\/strong>. K\u00e4ibemaksukohustus ei teki Eestis automaatselt ning s\u00f5ltub k\u00e4ibest ja tehingute iseloomust. Tavap\u00e4rane k\u00e4ibepiir on <strong>40 000 \u20ac<\/strong>, kuid piiri\u00fclene tegevus v\u00f5ib tekitada k\u00e4ibemaksukohustuse ka varem.<\/p>\n<h3>Kuidas Estohub toetab e-residente<\/h3>\n<\/p>\n<ul>\n<li>ettev\u00f5tte asutamise tugi l\u00e4bi ametlike Eesti registrite<\/li>\n<li>\u00e4ri aadressi ja kontaktisiku lahendused<\/li>\n<li>k\u00e4ibemaksu, raamatupidamise ja vastavuse tugi p\u00e4rast ettev\u00f5tte k\u00e4ivitamist<\/li>\n<li>praktiline juhendamine rahvusvahelistele ettev\u00f5tjatele<\/li>\n<\/ul>\n<p>Aitame muuta kogu protsessi selgemaks, paremini organiseerituks ja lihtsamini hallatavaks juba esimesest p\u00e4evast alates.<\/p>\n<\/div><\/div><div class=\"w-separator size_medium\"><\/div><div class=\"w-html\"><div class=\"container-iframe\">\r\n<iframe loading=\"lazy\" src=\"https:\/\/www.google.com\/maps\/d\/u\/0\/embed?mid=1Ef8M2aJCdDG8zCw2W11xUrZOZ3Xzqiw&ehbc=2E312F&noprof=1\" width=\"100%\" height=\"480\"><\/iframe><\/div><\/div><\/div><\/div><\/div><\/div><\/div><div class=\"w-separator size_small\"><\/div><div class=\"w-tabs style_default switch_click accordion has_scrolling\" style=\"--sections-title-size:inherit\"><div class=\"w-tabs-sections titles-align_none icon_plus cpos_right\"><div class=\"w-tabs-section\" id=\"f08c\"><button class=\"w-tabs-section-header\" aria-controls=\"content-f08c\" aria-expanded=\"false\"><div class=\"w-tabs-section-title\">e-residentsuse taotlemine: protsess, kulud ja ajakava<\/div><div class=\"w-tabs-section-control\"><\/div><\/button><div  class=\"w-tabs-section-content\" id=\"content-f08c\"><div class=\"w-tabs-section-content-h i-cf\"><div class=\"wpb_text_column\"><div class=\"wpb_wrapper\"><p>e-residentsuse taotlus esitatakse l\u00e4bi <a href=\"https:\/\/eresident.politsei.ee\/\">ametliku e-residentsuse taotluskeskkonna<\/a>. Estohub aitab sul m\u00f5ista protsessi samme, ette valmistada vajaliku info ning v\u00e4ltida levinud vigu enne taotluse esitamist.<\/p>\n<h3>Mida tavaliselt vajad<\/h3>\n<\/p>\n<ul>\n<li>kehtiv pass v\u00f5i EL-i isikut t\u00f5endav dokument<\/li>\n<li>digitaalne passipildile vastav foto<\/li>\n<li>l\u00fchike selgitus, kuidas plaanid e-residentsust kasutada<\/li>\n<li>kehtiva riigil\u00f5ivu tasumine<\/li>\n<\/ul>\n<h3>Praegused kulud ja ajakava<\/h3>\n<\/p>\n<ul>\n<li><strong>Riigil\u00f5iv:<\/strong> 150 \u20ac<\/li>\n<li><strong>Digitaalse ID kehtivus:<\/strong> kuni 5 aastat<\/li>\n<li><strong>Aastane hooldustasu:<\/strong> puudub<\/li>\n<li><strong>Tavap\u00e4rane menetlusaeg:<\/strong> umbes 30 kalendrip\u00e4eva, kuid t\u00e4iendavad kontrollid v\u00f5ivad seda pikendada<\/li>\n<li><strong>Kaardi k\u00e4ttesaamine p\u00e4rast kinnitamist:<\/strong> tavaliselt 2\u20135 n\u00e4dalat valitud v\u00e4ljastuskohas<\/li>\n<\/ul>\n<h3>Oluline teada<\/h3>\n<\/p>\n<ul>\n<li>e-residentsus on digitaalne identiteet, mitte kodakondsus, maksuresidentsus, viisa ega elamisluba<\/li>\n<li>digitaalne ID tuleb isiklikult k\u00e4tte saada ametlikust v\u00e4ljastuskohast<\/li>\n<li>\u00f5ige v\u00e4ljastuskoha valimine on oluline, kuna kaardi k\u00e4ttesaamine ei anna reisiees\u00f5igusi<\/li>\n<\/ul>\n<p>Paljudel juhtudel v\u00f5tab kogu protsess alates taotlemisest kuni kaardi k\u00e4ttesaamiseni umbes 6\u20138 n\u00e4dalat.<\/p>\n<\/div><\/div><\/div><\/div><\/div><div class=\"w-tabs-section\" id=\"y42c\"><button class=\"w-tabs-section-header\" aria-controls=\"content-y42c\" aria-expanded=\"false\"><div class=\"w-tabs-section-title\">Alustamine e-residentsuse digitaalse ID-ga<\/div><div class=\"w-tabs-section-control\"><\/div><\/button><div  class=\"w-tabs-section-content\" id=\"content-y42c\"><div class=\"w-tabs-section-content-h i-cf\"><div class=\"wpb_text_column\"><div class=\"wpb_wrapper\"><p>P\u00e4rast kaardi k\u00e4ttesaamist annab e-residentsuse komplekt sulle vajalikud t\u00f6\u00f6riistad Eesti e-teenuste kasutamiseks. Komplekt sisaldab sinu digitaalset ID-kaarti, USB-kaardilugejat ja turvakoode suletud \u00fcmbrikus.<\/p>\n<h3>Alustamine<\/h3>\n<\/p>\n<ol>\n<li>Paigalda oma arvutisse ametlik ID-kaardi tarkvara.<\/li>\n<li>Sisesta kaart kaardilugejasse ja testi turvalist sisselogimist.<\/li>\n<li>Kasuta PIN1 autentimiseks ja PIN2 digiallkirjastamiseks.<\/li>\n<li>Seadista <strong>@eesti.ee<\/strong> e-posti suunamine, et olulised teated j\u00f5uaksid sinu tavap\u00e4rasesse e-posti.<\/li>\n<\/ol>\n<h3>Mida saad kaardiga teha<\/h3>\n<\/p>\n<ul>\n<li>allkirjastada dokumente digitaalselt<\/li>\n<li>kasutada \u00e4riregistrit ja teisi e-teenuseid<\/li>\n<li>esitada ettev\u00f5ttega seotud muudatusi ja dokumente veebis<\/li>\n<li>teha koost\u00f6\u00f6d oma raamatupidaja v\u00f5i teenusepakkujaga t\u00f5husamalt<\/li>\n<\/ul>\n<h3>Kasulikud ametlikud lingid<\/h3>\n<\/p>\n<ul>\n<li><a href=\"https:\/\/www.id.ee\/en\/article\/install-id-software\/\">Paigalda ID-tarkvara<\/a><\/li>\n<li><a href=\"https:\/\/www.eesti.ee\/en\">Eesti riigiportaal<\/a><\/li>\n<li><a href=\"https:\/\/ariregister.rik.ee\/eng\">Eesti \u00e4riregister<\/a><\/li>\n<\/ul>\n<p>Hoia oma kaart ja PIN-koodid alati turvaliselt. Need on isiklikud ligip\u00e4\u00e4suvahendid ja neid ei tohi kunagi teistega jagada.<\/p>\n<\/div><\/div><div class=\"w-separator size_medium\"><\/div><div class=\"w-html\"><div class=\"container-iframe\">\r\n<iframe loading=\"lazy\" src=\"https:\/\/www.google.com\/maps\/d\/u\/0\/embed?mid=1Ef8M2aJCdDG8zCw2W11xUrZOZ3Xzqiw&ehbc=2E312F&noprof=1\" width=\"100%\" height=\"480\"><\/iframe><\/div><\/div><\/div><\/div><\/div><\/div><\/div><div class=\"w-separator size_medium\"><\/div><div class=\"wpb_text_column us_custom_eb849559\"><div class=\"wpb_wrapper\"><h2>Korduma kippuvad k\u00fcsimused<\/h2>\n<\/div><\/div><div class=\"w-separator size_small\"><\/div><div class=\"w-tabs style_default switch_click accordion has_scrolling\" style=\"--sections-title-size:inherit\"><div class=\"w-tabs-sections titles-align_none icon_chevron cpos_right\"><div class=\"w-tabs-section\" id=\"r8ef\"><button class=\"w-tabs-section-header\" aria-controls=\"content-r8ef\" aria-expanded=\"false\"><div class=\"w-tabs-section-title\">Kui kaua v\u00f5tab aega ettev\u00f5tte asutamine Eestis?<\/div><div class=\"w-tabs-section-control\"><\/div><\/button><div  class=\"w-tabs-section-content\" id=\"content-r8ef\"><div class=\"w-tabs-section-content-h i-cf\"><div class=\"wpb_text_column\"><div class=\"wpb_wrapper\"><\/p>\n<p>Once you already have e-Residency and all company details prepared, the Business Register review usually takes about one business day. In practice, the full timeline is longer because the e-Residency application and card collection usually take several weeks before you can submit the company setup filing.<\/p>\n<\/div><\/div><\/div><\/div><\/div><div class=\"w-tabs-section\" id=\"ma02\"><button class=\"w-tabs-section-header\" aria-controls=\"content-ma02\" aria-expanded=\"false\"><div class=\"w-tabs-section-title\">Kas v\u00e4lismaalased saavad Eestis ettev\u00f5tte asutada?<\/div><div class=\"w-tabs-section-control\"><\/div><\/button><div  class=\"w-tabs-section-content\" id=\"content-ma02\"><div class=\"w-tabs-section-content-h i-cf\"><div class=\"wpb_text_column\"><div class=\"wpb_wrapper\"><p>Jah. V\u00e4lismaalased saavad Eestis ettev\u00f5tte asutada ja juhtida samadel tingimustel nagu kohalikud ettev\u00f5tjad. Kui k\u00f5igil asutajatel ja juhatuse liikmetel on aktsepteeritud Eesti digitaalne identiteet, saab ettev\u00f5tte asutamise tavaliselt teha veebis \u00e4riregistri kaudu.<\/p>\n<\/div><\/div><\/div><\/div><\/div><div class=\"w-tabs-section\" id=\"tb22\"><button class=\"w-tabs-section-header\" aria-controls=\"content-tb22\" aria-expanded=\"false\"><div class=\"w-tabs-section-title\">Mis on Eesti ettev\u00f5tte minimaalne osakapital?<\/div><div class=\"w-tabs-section-control\"><\/div><\/button><div  class=\"w-tabs-section-content\" id=\"content-tb22\"><div class=\"w-tabs-section-content-h i-cf\"><div class=\"wpb_text_column\"><div class=\"wpb_wrapper\"><p>O\u00dc puhul algab minimaalne osakapital <strong>0,01 \u20ac osaniku kohta<\/strong>. Paljud ettev\u00f5tjad valivad siiski suurema summa, et suurendada usaldusv\u00e4\u00e4rsust, lihtsustada pangandust v\u00f5i sisemist planeerimist.<\/p>\n<\/div><\/div><\/div><\/div><\/div><div class=\"w-tabs-section\" id=\"nc1b\"><button class=\"w-tabs-section-header\" aria-controls=\"content-nc1b\" aria-expanded=\"false\"><div class=\"w-tabs-section-title\">Kas ettev\u00f5tte asutamiseks on vaja Eestisse tulla?<\/div><div class=\"w-tabs-section-control\"><\/div><\/button><div  class=\"w-tabs-section-content\" id=\"content-nc1b\"><div class=\"w-tabs-section-content-h i-cf\"><div class=\"wpb_text_column\"><div class=\"wpb_wrapper\"><p>Mitte tingimata. Ettev\u00f5tte asutamise protsessi saab tavaliselt teha veebis, kuid e-residentsuse digitaalse ID kaardi pead k\u00e4tte saama isiklikult ametlikust v\u00e4ljastuskohast. See ei pea olema Eestis, s\u00f5ltuvalt sulle saadaolevatest valikutest.<\/p>\n<\/div><\/div><\/div><\/div><\/div><\/div><\/div><\/div><\/div><\/div><\/div><\/section><section class=\"l-section wpb_row height_small\"><div class=\"l-section-h i-cf\"><div class=\"g-cols vc_row via_grid cols_1 laptops-cols_inherit tablets-cols_inherit mobiles-cols_1 valign_top type_default stacking_default\"><div class=\"wpb_column vc_column_container\"><div class=\"vc_column-inner\"><div class=\"w-actionbox us_custom_49f317a8 callme color_primary controls_right\"><div class=\"w-actionbox-text\"><div class=\"w-actionbox-description\"><p><strong>Estohub on erateenuse pakkuja ega ole seotud \u00fchegi riigiasutusega.<\/strong> Toetame kliente ettev\u00f5tte asutamise, vastavuse ja aruandlusega ametlike Eesti s\u00fcsteemide kaudu vastavalt vajadusele.<\/p>\n<\/div><\/div><div class=\"w-actionbox-controls\"><a class=\"w-btn us-btn-style_7\" href=\"#callme\"><span class=\"w-btn-label\">V\u00f5ta meiega \u00fchendust<\/span><\/a><\/div><\/div><\/div><\/div><\/div><\/div><\/section>\n","protected":false},"excerpt":{"rendered":"Alusta oma ettev\u00f5tet Eestis e-residentsusegaMis on Eesti e-residentsus?Eesti e-residentsus on riigi poolt v\u00e4ljastatud digitaalne identiteet mitteresidentidele, kes vajavad turvalist ligip\u00e4\u00e4su Eesti e-teenustele. See on praktiline lahendus \u00e4riga seotud toimingute tegemiseks veebis. Ettev\u00f5tte asutamine Eesti \u00e4riregistri kauduKui sul on olemas e-residentsuse digitaalne ID, saad alustada ettev\u00f5tte asutamise taotluse ettevalmistamist l\u00e4bi Eesti \u00e4riregistri. Paljude rahvusvaheliste ettev\u00f5tjate jaoks...","protected":false},"author":1,"featured_media":0,"parent":0,"menu_order":0,"comment_status":"closed","ping_status":"closed","template":"","meta":{"footnotes":""},"class_list":["post-28752","page","type-page","status-publish","hentry"],"yoast_head":"<!-- This site is optimized with the Yoast SEO Premium plugin v27.1 (Yoast SEO v27.1.1) - https:\/\/yoast.com\/product\/yoast-seo-premium-wordpress\/ -->\n<title>Alusta ettev\u00f5tet Eestis veebis | e-residentsusega ettev\u00f5tte asutamine | EstoHub<\/title>\n<meta name=\"description\" content=\"Alusta oma Eesti ettev\u00f5tet veebis e-residentsuse abil. Uuri, kuidas taotleda e-residentsust, registreerida O\u00dc Eesti \u00e4riregistris, valida EMTAK koodid, avada ettev\u00f5tte pangakonto ja k\u00e4ivitada oma EL ettev\u00f5te t\u00e4ielikult kaugelt.\" \/>\n<meta name=\"robots\" content=\"index, follow, max-snippet:-1, max-image-preview:large, max-video-preview:-1\" \/>\n<link rel=\"canonical\" href=\"https:\/\/estohub.com\/e-residency\/\" \/>\n<meta property=\"og:locale\" content=\"et_EE\" \/>\n<meta property=\"og:type\" content=\"article\" \/>\n<meta property=\"og:title\" content=\"Alusta ettev\u00f5tet Eestis veebis | e-residentsusega ettev\u00f5tte asutamine | EstoHub\" \/>\n<meta property=\"og:description\" content=\"Alusta oma Eesti ettev\u00f5tet veebis e-residentsuse abil. Uuri, kuidas taotleda e-residentsust, registreerida O\u00dc Eesti \u00e4riregistris, valida EMTAK koodid, avada ettev\u00f5tte pangakonto ja k\u00e4ivitada oma EL ettev\u00f5te t\u00e4ielikult kaugelt.\" \/>\n<meta property=\"og:url\" content=\"https:\/\/estohub.com\/e-residency\/\" \/>\n<meta property=\"og:site_name\" content=\"ESTOHUB: Finance. Compliance. Growth\" \/>\n<meta property=\"article:modified_time\" content=\"2026-03-27T12:30:21+00:00\" \/>\n<meta name=\"twitter:card\" content=\"summary_large_image\" \/>\n<meta name=\"twitter:title\" content=\"Alusta ettev\u00f5tet Eestis veebis | e-residentsusega ettev\u00f5tte asutamine | EstoHub\" \/>\n<meta name=\"twitter:description\" content=\"Alusta oma Eesti ettev\u00f5tet veebis e-residentsuse abil. Uuri, kuidas taotleda e-residentsust, registreerida O\u00dc Eesti \u00e4riregistris, valida EMTAK koodid, avada ettev\u00f5tte pangakonto ja k\u00e4ivitada oma EL ettev\u00f5te t\u00e4ielikult kaugelt.\" \/>\n<meta name=\"twitter:label1\" content=\"Est. reading time\" \/>\n\t<meta name=\"twitter:data1\" content=\"5 minutit\" \/>\n<script type=\"application\/ld+json\" class=\"yoast-schema-graph\">{\"@context\":\"https:\/\/schema.org\",\"@graph\":[{\"@type\":\"WebPage\",\"@id\":\"https:\/\/estohub.com\/e-residency\/\",\"url\":\"https:\/\/estohub.com\/e-residency\/\",\"name\":\"Alusta ettev\u00f5tet Eestis veebis | e-residentsusega ettev\u00f5tte asutamine | EstoHub\",\"isPartOf\":{\"@id\":\"https:\/\/estohub.com\/#website\"},\"datePublished\":\"2026-03-11T13:08:50+00:00\",\"dateModified\":\"2026-03-27T12:30:21+00:00\",\"description\":\"Alusta oma Eesti ettev\u00f5tet veebis e-residentsuse abil. Uuri, kuidas taotleda e-residentsust, registreerida O\u00dc Eesti \u00e4riregistris, valida EMTAK koodid, avada ettev\u00f5tte pangakonto ja k\u00e4ivitada oma EL ettev\u00f5te t\u00e4ielikult kaugelt.\",\"breadcrumb\":{\"@id\":\"https:\/\/estohub.com\/e-residency\/#breadcrumb\"},\"inLanguage\":\"et\",\"potentialAction\":[{\"@type\":\"ReadAction\",\"target\":[\"https:\/\/estohub.com\/e-residency\/\"]}]},{\"@type\":\"BreadcrumbList\",\"@id\":\"https:\/\/estohub.com\/e-residency\/#breadcrumb\",\"itemListElement\":[{\"@type\":\"ListItem\",\"position\":1,\"name\":\"\u0413\u043b\u0430\u0432\u043d\u0430\u044f\",\"item\":\"https:\/\/estohub.com\/et\/\"},{\"@type\":\"ListItem\",\"position\":2,\"name\":\"Alusta oma ettev\u00f5tet Eestis e-residentsusega\"}]},{\"@type\":\"WebSite\",\"@id\":\"https:\/\/estohub.com\/#website\",\"url\":\"https:\/\/estohub.com\/\",\"name\":\"ESTOHUB: Finance. Compliance. Growth\",\"description\":\"\",\"publisher\":{\"@id\":\"https:\/\/estohub.com\/#organization\"},\"potentialAction\":[{\"@type\":\"SearchAction\",\"target\":{\"@type\":\"EntryPoint\",\"urlTemplate\":\"https:\/\/estohub.com\/?s={search_term_string}\"},\"query-input\":{\"@type\":\"PropertyValueSpecification\",\"valueRequired\":true,\"valueName\":\"search_term_string\"}}],\"inLanguage\":\"et\"},{\"@type\":\"Organization\",\"@id\":\"https:\/\/estohub.com\/#organization\",\"name\":\"\u0421\u043c\u0430\u0440\u0442\u0421\u0442\u0435\u043a\u043b\u043e.\u0420\u0424\",\"alternateName\":\"\u041f\u043e\u0441\u0442\u0430\u0432\u0449\u0438\u043a \u0441\u043c\u0430\u0440\u0442-\u0441\u0442\u0435\u043a\u043b\u0430 \u0438 \u043f\u043b\u0435\u043d\u043a\u0430 \u0432 \u0420\u043e\u0441\u0441\u0438\u0438\",\"url\":\"https:\/\/estohub.com\/\",\"logo\":{\"@type\":\"ImageObject\",\"inLanguage\":\"et\",\"@id\":\"https:\/\/estohub.com\/#\/schema\/logo\/image\/\",\"url\":\"https:\/\/estohub.com\/wp-content\/uploads\/2026\/02\/logotip.png\",\"contentUrl\":\"https:\/\/estohub.com\/wp-content\/uploads\/2026\/02\/logotip.png\",\"width\":856,\"height\":173,\"caption\":\"\u0421\u043c\u0430\u0440\u0442\u0421\u0442\u0435\u043a\u043b\u043e.\u0420\u0424\"},\"image\":{\"@id\":\"https:\/\/estohub.com\/#\/schema\/logo\/image\/\"}}]}<\/script>\n<!-- \/ Yoast SEO Premium plugin. -->","yoast_head_json":{"title":"Alusta ettev\u00f5tet Eestis veebis | e-residentsusega ettev\u00f5tte asutamine | EstoHub","description":"Alusta oma Eesti ettev\u00f5tet veebis e-residentsuse abil. Uuri, kuidas taotleda e-residentsust, registreerida O\u00dc Eesti \u00e4riregistris, valida EMTAK koodid, avada ettev\u00f5tte pangakonto ja k\u00e4ivitada oma EL ettev\u00f5te t\u00e4ielikult kaugelt.","robots":{"index":"index","follow":"follow","max-snippet":"max-snippet:-1","max-image-preview":"max-image-preview:large","max-video-preview":"max-video-preview:-1"},"canonical":"https:\/\/estohub.com\/e-residency\/","og_locale":"et_EE","og_type":"article","og_title":"Alusta ettev\u00f5tet Eestis veebis | e-residentsusega ettev\u00f5tte asutamine | EstoHub","og_description":"Alusta oma Eesti ettev\u00f5tet veebis e-residentsuse abil. Uuri, kuidas taotleda e-residentsust, registreerida O\u00dc Eesti \u00e4riregistris, valida EMTAK koodid, avada ettev\u00f5tte pangakonto ja k\u00e4ivitada oma EL ettev\u00f5te t\u00e4ielikult kaugelt.","og_url":"https:\/\/estohub.com\/e-residency\/","og_site_name":"ESTOHUB: Finance. Compliance. Growth","article_modified_time":"2026-03-27T12:30:21+00:00","twitter_card":"summary_large_image","twitter_title":"Alusta ettev\u00f5tet Eestis veebis | e-residentsusega ettev\u00f5tte asutamine | EstoHub","twitter_description":"Alusta oma Eesti ettev\u00f5tet veebis e-residentsuse abil. Uuri, kuidas taotleda e-residentsust, registreerida O\u00dc Eesti \u00e4riregistris, valida EMTAK koodid, avada ettev\u00f5tte pangakonto ja k\u00e4ivitada oma EL ettev\u00f5te t\u00e4ielikult kaugelt.","twitter_misc":{"Est. reading time":"5 minutit"},"schema":{"@context":"https:\/\/schema.org","@graph":[{"@type":"WebPage","@id":"https:\/\/estohub.com\/e-residency\/","url":"https:\/\/estohub.com\/e-residency\/","name":"Alusta ettev\u00f5tet Eestis veebis | e-residentsusega ettev\u00f5tte asutamine | EstoHub","isPartOf":{"@id":"https:\/\/estohub.com\/#website"},"datePublished":"2026-03-11T13:08:50+00:00","dateModified":"2026-03-27T12:30:21+00:00","description":"Alusta oma Eesti ettev\u00f5tet veebis e-residentsuse abil. Uuri, kuidas taotleda e-residentsust, registreerida O\u00dc Eesti \u00e4riregistris, valida EMTAK koodid, avada ettev\u00f5tte pangakonto ja k\u00e4ivitada oma EL ettev\u00f5te t\u00e4ielikult kaugelt.","breadcrumb":{"@id":"https:\/\/estohub.com\/e-residency\/#breadcrumb"},"inLanguage":"et","potentialAction":[{"@type":"ReadAction","target":["https:\/\/estohub.com\/e-residency\/"]}]},{"@type":"BreadcrumbList","@id":"https:\/\/estohub.com\/e-residency\/#breadcrumb","itemListElement":[{"@type":"ListItem","position":1,"name":"\u0413\u043b\u0430\u0432\u043d\u0430\u044f","item":"https:\/\/estohub.com\/et\/"},{"@type":"ListItem","position":2,"name":"Alusta oma ettev\u00f5tet Eestis e-residentsusega"}]},{"@type":"WebSite","@id":"https:\/\/estohub.com\/#website","url":"https:\/\/estohub.com\/","name":"ESTOHUB: Finance. Compliance. Growth","description":"","publisher":{"@id":"https:\/\/estohub.com\/#organization"},"potentialAction":[{"@type":"SearchAction","target":{"@type":"EntryPoint","urlTemplate":"https:\/\/estohub.com\/?s={search_term_string}"},"query-input":{"@type":"PropertyValueSpecification","valueRequired":true,"valueName":"search_term_string"}}],"inLanguage":"et"},{"@type":"Organization","@id":"https:\/\/estohub.com\/#organization","name":"\u0421\u043c\u0430\u0440\u0442\u0421\u0442\u0435\u043a\u043b\u043e.\u0420\u0424","alternateName":"\u041f\u043e\u0441\u0442\u0430\u0432\u0449\u0438\u043a \u0441\u043c\u0430\u0440\u0442-\u0441\u0442\u0435\u043a\u043b\u0430 \u0438 \u043f\u043b\u0435\u043d\u043a\u0430 \u0432 \u0420\u043e\u0441\u0441\u0438\u0438","url":"https:\/\/estohub.com\/","logo":{"@type":"ImageObject","inLanguage":"et","@id":"https:\/\/estohub.com\/#\/schema\/logo\/image\/","url":"https:\/\/estohub.com\/wp-content\/uploads\/2026\/02\/logotip.png","contentUrl":"https:\/\/estohub.com\/wp-content\/uploads\/2026\/02\/logotip.png","width":856,"height":173,"caption":"\u0421\u043c\u0430\u0440\u0442\u0421\u0442\u0435\u043a\u043b\u043e.\u0420\u0424"},"image":{"@id":"https:\/\/estohub.com\/#\/schema\/logo\/image\/"}}]}},"_links":{"self":[{"href":"https:\/\/estohub.com\/et\/wp-json\/wp\/v2\/pages\/28752","targetHints":{"allow":["GET"]}}],"collection":[{"href":"https:\/\/estohub.com\/et\/wp-json\/wp\/v2\/pages"}],"about":[{"href":"https:\/\/estohub.com\/et\/wp-json\/wp\/v2\/types\/page"}],"author":[{"embeddable":true,"href":"https:\/\/estohub.com\/et\/wp-json\/wp\/v2\/users\/1"}],"replies":[{"embeddable":true,"href":"https:\/\/estohub.com\/et\/wp-json\/wp\/v2\/comments?post=28752"}],"version-history":[{"count":2,"href":"https:\/\/estohub.com\/et\/wp-json\/wp\/v2\/pages\/28752\/revisions"}],"predecessor-version":[{"id":28754,"href":"https:\/\/estohub.com\/et\/wp-json\/wp\/v2\/pages\/28752\/revisions\/28754"}],"wp:attachment":[{"href":"https:\/\/estohub.com\/et\/wp-json\/wp\/v2\/media?parent=28752"}],"curies":[{"name":"wp","href":"https:\/\/api.w.org\/{rel}","templated":true}]}}